{"id":1907,"date":"2021-12-13T12:19:41","date_gmt":"2021-12-13T12:19:41","guid":{"rendered":"https:\/\/www.j-unk.com\/?page_id=1907"},"modified":"2022-01-27T17:15:44","modified_gmt":"2022-01-27T17:15:44","slug":"ethically-handmade","status":"publish","type":"page","link":"https:\/\/www.j-unk.com\/pt\/ethically-handmade\/","title":{"rendered":"Fabrico \u00e9tico"},"content":{"rendered":"<div data-elementor-type=\"wp-page\" data-elementor-id=\"1907\" class=\"elementor elementor-1907\" data-elementor-post-type=\"page\">\n\t\t\t\t\t\t<section class=\"elementor-section elementor-top-section elementor-element elementor-element-c3e2cd5 elementor-section-full_width elementor-section-height-default elementor-section-height-default\" data-id=\"c3e2cd5\" data-element_type=\"section\" data-e-type=\"section\" data-settings=\"{&quot;background_background&quot;:&quot;classic&quot;}\">\n\t\t\t\t\t\t<div class=\"elementor-container elementor-column-gap-no\">\n\t\t\t\t\t<div class=\"elementor-column elementor-col-50 elementor-top-column elementor-element elementor-element-432f310 elementor-hidden-mobile\" data-id=\"432f310\" data-element_type=\"column\" data-e-type=\"column\" data-settings=\"{&quot;background_background&quot;:&quot;classic&quot;}\">\n\t\t\t<div class=\"elementor-widget-wrap elementor-element-populated\">\n\t\t\t\t\t<div class=\"elementor-background-overlay\"><\/div>\n\t\t\t\t\t\t<div class=\"elementor-element elementor-element-3e3c5a0 elementor-widget elementor-widget-heading\" data-id=\"3e3c5a0\" data-element_type=\"widget\" data-e-type=\"widget\" data-widget_type=\"heading.default\">\n\t\t\t\t<div class=\"elementor-widget-container\">\n\t\t\t\t\t<h2 class=\"elementor-heading-title elementor-size-default\">Eticamente <p>fabricado em Portugal<\/p><\/h2>\t\t\t\t<\/div>\n\t\t\t\t<\/div>\n\t\t\t\t<div class=\"elementor-element elementor-element-5827ece elementor-view-default elementor-widget elementor-widget-icon\" data-id=\"5827ece\" data-element_type=\"widget\" data-e-type=\"widget\" data-widget_type=\"icon.default\">\n\t\t\t\t<div class=\"elementor-widget-container\">\n\t\t\t\t\t\t\t<div class=\"elementor-icon-wrapper\">\n\t\t\t<div class=\"elementor-icon\">\n\t\t\t<svg xmlns=\"http:\/\/www.w3.org\/2000\/svg\" viewbox=\"0 0 106.94 180\"><defs><style>.cls-1{fill:#fff;}<\/style><\/defs><g id=\"Camada_2\" data-name=\"Camada 2\"><g id=\"Camada_1-2\" data-name=\"Camada 1\"><path class=\"cls-1\" d=\"M63.62,175.41H2.52v-5h61.1a11.84,11.84,0,0,0,8.45-3.51l29-29a2.79,2.79,0,0,0,0-3.93,2.75,2.75,0,0,0-3.61-.27L74.86,150.32A9.62,9.62,0,0,1,68.1,153H63.82v-5H68.1a5,5,0,0,0,3.48-1.45L94.5,129.6a7.81,7.81,0,0,1,10.16,11.81l-29,29A16.87,16.87,0,0,1,63.62,175.41Z\"><\/path><rect class=\"cls-1\" y=\"140.56\" width=\"5.03\" height=\"39.44\"><\/rect><path class=\"cls-1\" d=\"M57.9,156.14H34.26v-5H57.9a4.24,4.24,0,1,0,0-8.48c-.48,0-16,1.06-24.36,0a33.09,33.09,0,0,1-3.71-.82c-3.48-.92-7.3-.23-9.09,1.66,0,0-2.75,2.81-5.23,5.39a13.23,13.23,0,0,1-9.52,4H2.52v-5H6a8.23,8.23,0,0,0,5.89-2.51c2.5-2.6,5.24-5.39,5.24-5.39,3.06-3.22,8.7-4.44,14-3a28.35,28.35,0,0,0,3.08.7c7.89,1,23.38,0,23.53,0h0a9.27,9.27,0,1,1,.16,18.54Z\"><\/path><path class=\"cls-1\" d=\"M102.06,12.43l-2.73-.32a2,2,0,0,1-1.63-1.57l-.85-5.38a1.49,1.49,0,0,0-1.63-1.24L68,7.15A2,2,0,0,1,66,6L63.82.79A1.23,1.23,0,0,0,62,.18L52.68,5.47a2.08,2.08,0,0,0-1,2.1L56,27.86a7.43,7.43,0,0,1-.05,2.78l-1.33,5.28A7.67,7.67,0,0,1,65.2,37.61,7.67,7.67,0,0,1,79,42.2c0,3.71-2.11,5.79-10,13.52l-3.85,3.79-3.85-3.79c-5.27-5.18-8-7.82-9.16-10.11L46.94,66.5a4.33,4.33,0,0,1-1.52,2.19l-3.65,2.54a3.55,3.55,0,0,0-1.31,2.23L39,87.84a2.28,2.28,0,0,0,1.13,2.07l2.6,1.35a4.54,4.54,0,0,1,1.8,2l.36.89a2.27,2.27,0,0,0,2,1.32H50a1.55,1.55,0,0,1,1.53,1.43l1.79,24.39a5.74,5.74,0,0,1-.56,2.68l-3.94,7.43c-.37.69,0,1.15.73,1l9.6-1.66a8.12,8.12,0,0,1,2.78.11L70.3,133a4.49,4.49,0,0,0,2.66-.29l7.3-3.67a2.21,2.21,0,0,0,1.12-2l-1-9a3.63,3.63,0,0,1,.81-2.47l9.2-10.15a1.7,1.7,0,0,0,.06-2.16l-6.88-8.48a2.17,2.17,0,0,1-.15-2.32l6.23-10.14a2.24,2.24,0,0,0-.11-2.35L80,67.25c-.48-.63-.23-1.18.56-1.24l7.14-.51A2,2,0,0,0,89.37,64l1.7-8.21a3.88,3.88,0,0,0-.5-2.58l-.71-1.08a1.9,1.9,0,0,1,.19-2.23L91.81,48a4.56,4.56,0,0,0,1-2.47l1-18.77a5.48,5.48,0,0,1,.93-2.56l7.84-10.47C103.09,13.1,102.84,12.52,102.06,12.43Z\"><\/path><\/g><\/g><\/svg>\t\t\t<\/div>\n\t\t<\/div>\n\t\t\t\t\t\t<\/div>\n\t\t\t\t<\/div>\n\t\t\t\t\t<\/div>\n\t\t<\/div>\n\t\t\t\t<div class=\"elementor-column elementor-col-50 elementor-top-column elementor-element elementor-element-698c09b\" data-id=\"698c09b\" data-element_type=\"column\" data-e-type=\"column\">\n\t\t\t<div class=\"elementor-widget-wrap elementor-element-populated\">\n\t\t\t\t\t\t<div class=\"elementor-element elementor-element-01f6202 elementor-widget elementor-widget-video\" data-id=\"01f6202\" data-element_type=\"widget\" data-e-type=\"widget\" data-settings=\"{&quot;video_type&quot;:&quot;hosted&quot;,&quot;autoplay&quot;:&quot;yes&quot;,&quot;play_on_mobile&quot;:&quot;yes&quot;,&quot;mute&quot;:&quot;yes&quot;,&quot;loop&quot;:&quot;yes&quot;}\" data-widget_type=\"video.default\">\n\t\t\t\t<div class=\"elementor-widget-container\">\n\t\t\t\t\t\t\t<div class=\"e-hosted-video elementor-wrapper elementor-open-inline\">\n\t\t\t\t\t<video class=\"elementor-video\" src=\"https:\/\/www.j-unk.com\/wp-content\/uploads\/2021\/12\/ethicalhandcrafted.mov\" autoplay=\"\" loop=\"\" muted=\"muted\" playsinline=\"\" controlslist=\"nodownload\"><\/video>\n\t\t\t\t<\/div>\n\t\t\t\t\t\t<\/div>\n\t\t\t\t<\/div>\n\t\t\t\t\t<\/div>\n\t\t<\/div>\n\t\t\t\t\t<\/div>\n\t\t<\/section>\n\t\t\t\t<section class=\"elementor-section elementor-top-section elementor-element elementor-element-7ae26a3 elementor-section-boxed elementor-section-height-default elementor-section-height-default\" data-id=\"7ae26a3\" data-element_type=\"section\" data-e-type=\"section\">\n\t\t\t\t\t\t<div class=\"elementor-container elementor-column-gap-default\">\n\t\t\t\t\t<div class=\"elementor-column elementor-col-100 elementor-top-column elementor-element elementor-element-95c1f2b\" data-id=\"95c1f2b\" data-element_type=\"column\" data-e-type=\"column\">\n\t\t\t<div class=\"elementor-widget-wrap elementor-element-populated\">\n\t\t\t\t\t\t<div class=\"elementor-element elementor-element-c90e924 elementor-widget elementor-widget-text-editor\" data-id=\"c90e924\" data-element_type=\"widget\" data-e-type=\"widget\" data-widget_type=\"text-editor.default\">\n\t\t\t\t<div class=\"elementor-widget-container\">\n\t\t\t\t\t\t\t\t\t<p style=\"text-align: center;\"><span class=\"JsGRdQ\">Fabricado artesanalmente em Portugal, existe uma rela\u00e7\u00e3o pr\u00f3xima e pessoal com os fornecedores de mat\u00e9rias primas e pequenas f\u00e1bricas familiares, que partilham os nossos valores de integridade, transpar\u00eancia e fabrica\u00e7\u00e3o respons\u00e1vel.<\/span><\/p>\t\t\t\t\t\t\t\t<\/div>\n\t\t\t\t<\/div>\n\t\t\t\t\t<\/div>\n\t\t<\/div>\n\t\t\t\t\t<\/div>\n\t\t<\/section>\n\t\t\t\t<section class=\"elementor-section elementor-top-section elementor-element elementor-element-ebdebdc elementor-section-boxed elementor-section-height-default elementor-section-height-default\" data-id=\"ebdebdc\" data-element_type=\"section\" data-e-type=\"section\">\n\t\t\t\t\t\t<div class=\"elementor-container elementor-column-gap-default\">\n\t\t\t\t\t<div class=\"elementor-column elementor-col-50 elementor-top-column elementor-element elementor-element-b7a9c13\" data-id=\"b7a9c13\" data-element_type=\"column\" data-e-type=\"column\">\n\t\t\t<div class=\"elementor-widget-wrap elementor-element-populated\">\n\t\t\t\t\t\t<div class=\"elementor-element elementor-element-d8887d7 elementor-widget elementor-widget-heading\" data-id=\"d8887d7\" data-element_type=\"widget\" data-e-type=\"widget\" data-widget_type=\"heading.default\">\n\t\t\t\t<div class=\"elementor-widget-container\">\n\t\t\t\t\t<h2 class=\"elementor-heading-title elementor-size-default\">Os nossos parceiros<\/h2>\t\t\t\t<\/div>\n\t\t\t\t<\/div>\n\t\t\t\t<div class=\"elementor-element elementor-element-baed39b elementor-widget-divider--view-line elementor-widget elementor-widget-divider\" data-id=\"baed39b\" data-element_type=\"widget\" data-e-type=\"widget\" data-widget_type=\"divider.default\">\n\t\t\t\t<div class=\"elementor-widget-container\">\n\t\t\t\t\t\t\t<div class=\"elementor-divider\">\n\t\t\t<span class=\"elementor-divider-separator\">\n\t\t\t\t\t\t<\/span>\n\t\t<\/div>\n\t\t\t\t\t\t<\/div>\n\t\t\t\t<\/div>\n\t\t\t\t<div class=\"elementor-element elementor-element-43fb8ce elementor-widget elementor-widget-text-editor\" data-id=\"43fb8ce\" data-element_type=\"widget\" data-e-type=\"widget\" data-widget_type=\"text-editor.default\">\n\t\t\t\t<div class=\"elementor-widget-container\">\n\t\t\t\t\t\t\t\t\t<p>Para garantir uma fabrica\u00e7\u00e3o \u00e9tica e respons\u00e1vel, escolhemos cuidadosamente todos os nossos parceiros. Procuramos f\u00e1bricas com boas pr\u00e1ticas ambientais e um tratamento seguro e justo para com os seus funcion\u00e1rios.<\/p>\n<p>Procur\u00e1mos fornecedores locais e conseguimos que os nossos principais fornecedores estejam localizados num raio de 10 km.<\/p>\t\t\t\t\t\t\t\t<\/div>\n\t\t\t\t<\/div>\n\t\t\t\t\t<\/div>\n\t\t<\/div>\n\t\t\t\t<div class=\"elementor-column elementor-col-50 elementor-top-column elementor-element elementor-element-61a7547\" data-id=\"61a7547\" data-element_type=\"column\" data-e-type=\"column\">\n\t\t\t<div class=\"elementor-widget-wrap elementor-element-populated\">\n\t\t\t\t\t\t<div class=\"elementor-element elementor-element-536c53b elementor-widget elementor-widget-image\" data-id=\"536c53b\" data-element_type=\"widget\" data-e-type=\"widget\" data-widget_type=\"image.default\">\n\t\t\t\t<div class=\"elementor-widget-container\">\n\t\t\t\t\t\t\t\t\t\t\t\t\t\t\t<img fetchpriority=\"high\" decoding=\"async\" width=\"768\" height=\"359\" src=\"https:\/\/www.j-unk.com\/wp-content\/uploads\/2021\/12\/FABRIC-LOCALS-e1640015807173-768x359.png\" class=\"attachment-medium_large size-medium_large wp-image-1939\" alt=\"\" srcset=\"https:\/\/www.j-unk.com\/wp-content\/uploads\/2021\/12\/FABRIC-LOCALS-e1640015807173-768x359.png 768w, https:\/\/www.j-unk.com\/wp-content\/uploads\/2021\/12\/FABRIC-LOCALS-e1640015807173-400x187.png 400w, https:\/\/www.j-unk.com\/wp-content\/uploads\/2021\/12\/FABRIC-LOCALS-e1640015807173-1200x560.png 1200w, https:\/\/www.j-unk.com\/wp-content\/uploads\/2021\/12\/FABRIC-LOCALS-e1640015807173-300x140.png 300w, https:\/\/www.j-unk.com\/wp-content\/uploads\/2021\/12\/FABRIC-LOCALS-e1640015807173-1024x478.png 1024w, https:\/\/www.j-unk.com\/wp-content\/uploads\/2021\/12\/FABRIC-LOCALS-e1640015807173.png 1386w\" sizes=\"(max-width: 768px) 100vw, 768px\" \/>\t\t\t\t\t\t\t\t\t\t\t\t\t\t\t<\/div>\n\t\t\t\t<\/div>\n\t\t\t\t\t<\/div>\n\t\t<\/div>\n\t\t\t\t\t<\/div>\n\t\t<\/section>\n\t\t\t\t<section class=\"elementor-section elementor-top-section elementor-element elementor-element-3a6982c elementor-section-boxed elementor-section-height-default elementor-section-height-default\" data-id=\"3a6982c\" data-element_type=\"section\" data-e-type=\"section\">\n\t\t\t\t\t\t<div class=\"elementor-container elementor-column-gap-default\">\n\t\t\t\t\t<div class=\"elementor-column elementor-col-100 elementor-top-column elementor-element elementor-element-5f61b9e\" data-id=\"5f61b9e\" data-element_type=\"column\" data-e-type=\"column\">\n\t\t\t<div class=\"elementor-widget-wrap elementor-element-populated\">\n\t\t\t\t\t\t<div class=\"elementor-element elementor-element-fc448ae elementor-widget elementor-widget-spacer\" data-id=\"fc448ae\" data-element_type=\"widget\" data-e-type=\"widget\" data-widget_type=\"spacer.default\">\n\t\t\t\t<div class=\"elementor-widget-container\">\n\t\t\t\t\t\t\t<div class=\"elementor-spacer\">\n\t\t\t<div class=\"elementor-spacer-inner\"><\/div>\n\t\t<\/div>\n\t\t\t\t\t\t<\/div>\n\t\t\t\t<\/div>\n\t\t\t\t\t<\/div>\n\t\t<\/div>\n\t\t\t\t\t<\/div>\n\t\t<\/section>\n\t\t\t\t<\/div>","protected":false},"excerpt":{"rendered":"<p>Ethically handcrafted in Portugal https:\/\/www.j-unk.com\/wp-content\/uploads\/2021\/12\/ethicalhandcrafted.mov Handcrafted in Portugal, there is a close and personal relationship with raw material suppliers and small family factories, people who share our values of integrity, transparency and responsible manufacturing. Our partners To ensure an ethical and responsible manufacturing we choose carefully all of our partners. We searched for factories with [&hellip;]<\/p>\n","protected":false},"author":1,"featured_media":0,"parent":0,"menu_order":0,"comment_status":"closed","ping_status":"closed","template":"","meta":{"_acf_changed":false,"footnotes":""},"class_list":["post-1907","page","type-page","status-publish","hentry"],"acf":[],"yoast_head":"<!-- This site is optimized with the Yoast SEO plugin v27.5 - https:\/\/yoast.com\/product\/yoast-seo-wordpress\/ -->\n<title>J-UNK Shoes | Ethically handcrafted in Portugal<\/title>\n<meta name=\"description\" content=\"Ethically handcrafted in Portugal, we work with suppliers who share our values of integrity, transparency and responsible manufacturing.\" \/>\n<meta name=\"robots\" content=\"index, follow, max-snippet:-1, max-image-preview:large, max-video-preview:-1\" \/>\n<link rel=\"canonical\" href=\"https:\/\/www.j-unk.com\/pt\/ethically-handmade\/\" \/>\n<meta property=\"og:locale\" content=\"pt_PT\" \/>\n<meta property=\"og:type\" content=\"article\" \/>\n<meta property=\"og:title\" content=\"J-UNK Shoes | Ethically handcrafted in Portugal\" \/>\n<meta property=\"og:description\" content=\"Ethically handcrafted in Portugal, we work with suppliers who share our values of integrity, transparency and responsible manufacturing.\" \/>\n<meta property=\"og:url\" content=\"https:\/\/www.j-unk.com\/pt\/ethically-handmade\/\" \/>\n<meta property=\"og:site_name\" content=\"J-UNK\" \/>\n<meta property=\"article:publisher\" content=\"https:\/\/www.facebook.com\/j.unk.buylessbutbetter\" \/>\n<meta property=\"article:modified_time\" content=\"2022-01-27T17:15:44+00:00\" \/>\n<meta property=\"og:image\" content=\"https:\/\/www.j-unk.com\/wp-content\/uploads\/2021\/12\/FABRIC-LOCALS-e1640015807173-768x359.png\" \/>\n<meta name=\"twitter:card\" content=\"summary_large_image\" \/>\n<meta name=\"twitter:label1\" content=\"Tempo estimado de leitura\" \/>\n\t<meta name=\"twitter:data1\" content=\"1 minuto\" \/>\n<script type=\"application\/ld+json\" class=\"yoast-schema-graph\">{\"@context\":\"https:\\\/\\\/schema.org\",\"@graph\":[{\"@type\":\"WebPage\",\"@id\":\"https:\\\/\\\/www.j-unk.com\\\/ethically-handmade\\\/\",\"url\":\"https:\\\/\\\/www.j-unk.com\\\/ethically-handmade\\\/\",\"name\":\"J-UNK Shoes | Ethically handcrafted in Portugal\",\"isPartOf\":{\"@id\":\"https:\\\/\\\/www.j-unk.com\\\/#website\"},\"primaryImageOfPage\":{\"@id\":\"https:\\\/\\\/www.j-unk.com\\\/ethically-handmade\\\/#primaryimage\"},\"image\":{\"@id\":\"https:\\\/\\\/www.j-unk.com\\\/ethically-handmade\\\/#primaryimage\"},\"thumbnailUrl\":\"https:\\\/\\\/www.j-unk.com\\\/wp-content\\\/uploads\\\/2021\\\/12\\\/FABRIC-LOCALS-e1640015807173-768x359.png\",\"datePublished\":\"2021-12-13T12:19:41+00:00\",\"dateModified\":\"2022-01-27T17:15:44+00:00\",\"description\":\"Ethically handcrafted in Portugal, we work with suppliers who share our values of integrity, transparency and responsible manufacturing.\",\"breadcrumb\":{\"@id\":\"https:\\\/\\\/www.j-unk.com\\\/ethically-handmade\\\/#breadcrumb\"},\"inLanguage\":\"pt-PT\",\"potentialAction\":[{\"@type\":\"ReadAction\",\"target\":[\"https:\\\/\\\/www.j-unk.com\\\/ethically-handmade\\\/\"]}]},{\"@type\":\"ImageObject\",\"inLanguage\":\"pt-PT\",\"@id\":\"https:\\\/\\\/www.j-unk.com\\\/ethically-handmade\\\/#primaryimage\",\"url\":\"https:\\\/\\\/www.j-unk.com\\\/wp-content\\\/uploads\\\/2021\\\/12\\\/FABRIC-LOCALS-e1640015807173-768x359.png\",\"contentUrl\":\"https:\\\/\\\/www.j-unk.com\\\/wp-content\\\/uploads\\\/2021\\\/12\\\/FABRIC-LOCALS-e1640015807173-768x359.png\"},{\"@type\":\"BreadcrumbList\",\"@id\":\"https:\\\/\\\/www.j-unk.com\\\/ethically-handmade\\\/#breadcrumb\",\"itemListElement\":[{\"@type\":\"ListItem\",\"position\":1,\"name\":\"Home\",\"item\":\"https:\\\/\\\/www.j-unk.com\\\/\"},{\"@type\":\"ListItem\",\"position\":2,\"name\":\"Ethically handcrafted\"}]},{\"@type\":\"WebSite\",\"@id\":\"https:\\\/\\\/www.j-unk.com\\\/#website\",\"url\":\"https:\\\/\\\/www.j-unk.com\\\/\",\"name\":\"J-UNK\",\"description\":\"J-UNK shoes\",\"publisher\":{\"@id\":\"https:\\\/\\\/www.j-unk.com\\\/#organization\"},\"alternateName\":\"J-UNK Shoes\",\"potentialAction\":[{\"@type\":\"SearchAction\",\"target\":{\"@type\":\"EntryPoint\",\"urlTemplate\":\"https:\\\/\\\/www.j-unk.com\\\/?s={search_term_string}\"},\"query-input\":{\"@type\":\"PropertyValueSpecification\",\"valueRequired\":true,\"valueName\":\"search_term_string\"}}],\"inLanguage\":\"pt-PT\"},{\"@type\":\"Organization\",\"@id\":\"https:\\\/\\\/www.j-unk.com\\\/#organization\",\"name\":\"J-UNK Shoes\",\"url\":\"https:\\\/\\\/www.j-unk.com\\\/\",\"logo\":{\"@type\":\"ImageObject\",\"inLanguage\":\"pt-PT\",\"@id\":\"https:\\\/\\\/www.j-unk.com\\\/#\\\/schema\\\/logo\\\/image\\\/\",\"url\":\"https:\\\/\\\/www.j-unk.com\\\/wp-content\\\/uploads\\\/2021\\\/07\\\/LOGO-WEB.png\",\"contentUrl\":\"https:\\\/\\\/www.j-unk.com\\\/wp-content\\\/uploads\\\/2021\\\/07\\\/LOGO-WEB.png\",\"width\":1920,\"height\":865,\"caption\":\"J-UNK Shoes\"},\"image\":{\"@id\":\"https:\\\/\\\/www.j-unk.com\\\/#\\\/schema\\\/logo\\\/image\\\/\"},\"sameAs\":[\"https:\\\/\\\/www.facebook.com\\\/j.unk.buylessbutbetter\",\"https:\\\/\\\/www.instagram.com\\\/j_unk_shoes\\\/?hl=pt\"]}]}<\/script>\n<!-- \/ Yoast SEO plugin. -->","yoast_head_json":{"title":"J-UNK Shoes | Ethically handcrafted in Portugal","description":"Ethically handcrafted in Portugal, we work with suppliers who share our values of integrity, transparency and responsible manufacturing.","robots":{"index":"index","follow":"follow","max-snippet":"max-snippet:-1","max-image-preview":"max-image-preview:large","max-video-preview":"max-video-preview:-1"},"canonical":"https:\/\/www.j-unk.com\/pt\/ethically-handmade\/","og_locale":"pt_PT","og_type":"article","og_title":"J-UNK Shoes | Ethically handcrafted in Portugal","og_description":"Ethically handcrafted in Portugal, we work with suppliers who share our values of integrity, transparency and responsible manufacturing.","og_url":"https:\/\/www.j-unk.com\/pt\/ethically-handmade\/","og_site_name":"J-UNK","article_publisher":"https:\/\/www.facebook.com\/j.unk.buylessbutbetter","article_modified_time":"2022-01-27T17:15:44+00:00","og_image":[{"url":"https:\/\/www.j-unk.com\/wp-content\/uploads\/2021\/12\/FABRIC-LOCALS-e1640015807173-768x359.png","type":"","width":"","height":""}],"twitter_card":"summary_large_image","twitter_misc":{"Tempo estimado de leitura":"1 minuto"},"schema":{"@context":"https:\/\/schema.org","@graph":[{"@type":"WebPage","@id":"https:\/\/www.j-unk.com\/ethically-handmade\/","url":"https:\/\/www.j-unk.com\/ethically-handmade\/","name":"J-UNK Shoes | Ethically handcrafted in Portugal","isPartOf":{"@id":"https:\/\/www.j-unk.com\/#website"},"primaryImageOfPage":{"@id":"https:\/\/www.j-unk.com\/ethically-handmade\/#primaryimage"},"image":{"@id":"https:\/\/www.j-unk.com\/ethically-handmade\/#primaryimage"},"thumbnailUrl":"https:\/\/www.j-unk.com\/wp-content\/uploads\/2021\/12\/FABRIC-LOCALS-e1640015807173-768x359.png","datePublished":"2021-12-13T12:19:41+00:00","dateModified":"2022-01-27T17:15:44+00:00","description":"Ethically handcrafted in Portugal, we work with suppliers who share our values of integrity, transparency and responsible manufacturing.","breadcrumb":{"@id":"https:\/\/www.j-unk.com\/ethically-handmade\/#breadcrumb"},"inLanguage":"pt-PT","potentialAction":[{"@type":"ReadAction","target":["https:\/\/www.j-unk.com\/ethically-handmade\/"]}]},{"@type":"ImageObject","inLanguage":"pt-PT","@id":"https:\/\/www.j-unk.com\/ethically-handmade\/#primaryimage","url":"https:\/\/www.j-unk.com\/wp-content\/uploads\/2021\/12\/FABRIC-LOCALS-e1640015807173-768x359.png","contentUrl":"https:\/\/www.j-unk.com\/wp-content\/uploads\/2021\/12\/FABRIC-LOCALS-e1640015807173-768x359.png"},{"@type":"BreadcrumbList","@id":"https:\/\/www.j-unk.com\/ethically-handmade\/#breadcrumb","itemListElement":[{"@type":"ListItem","position":1,"name":"Home","item":"https:\/\/www.j-unk.com\/"},{"@type":"ListItem","position":2,"name":"Ethically handcrafted"}]},{"@type":"WebSite","@id":"https:\/\/www.j-unk.com\/#website","url":"https:\/\/www.j-unk.com\/","name":"PORCARIA","description":"Sapatos J-UNK","publisher":{"@id":"https:\/\/www.j-unk.com\/#organization"},"alternateName":"J-UNK Shoes","potentialAction":[{"@type":"SearchAction","target":{"@type":"EntryPoint","urlTemplate":"https:\/\/www.j-unk.com\/?s={search_term_string}"},"query-input":{"@type":"PropertyValueSpecification","valueRequired":true,"valueName":"search_term_string"}}],"inLanguage":"pt-PT"},{"@type":"Organization","@id":"https:\/\/www.j-unk.com\/#organization","name":"J-UNK Shoes","url":"https:\/\/www.j-unk.com\/","logo":{"@type":"ImageObject","inLanguage":"pt-PT","@id":"https:\/\/www.j-unk.com\/#\/schema\/logo\/image\/","url":"https:\/\/www.j-unk.com\/wp-content\/uploads\/2021\/07\/LOGO-WEB.png","contentUrl":"https:\/\/www.j-unk.com\/wp-content\/uploads\/2021\/07\/LOGO-WEB.png","width":1920,"height":865,"caption":"J-UNK Shoes"},"image":{"@id":"https:\/\/www.j-unk.com\/#\/schema\/logo\/image\/"},"sameAs":["https:\/\/www.facebook.com\/j.unk.buylessbutbetter","https:\/\/www.instagram.com\/j_unk_shoes\/?hl=pt"]}]}},"_links":{"self":[{"href":"https:\/\/www.j-unk.com\/pt\/wp-json\/wp\/v2\/pages\/1907","targetHints":{"allow":["GET"]}}],"collection":[{"href":"https:\/\/www.j-unk.com\/pt\/wp-json\/wp\/v2\/pages"}],"about":[{"href":"https:\/\/www.j-unk.com\/pt\/wp-json\/wp\/v2\/types\/page"}],"author":[{"embeddable":true,"href":"https:\/\/www.j-unk.com\/pt\/wp-json\/wp\/v2\/users\/1"}],"replies":[{"embeddable":true,"href":"https:\/\/www.j-unk.com\/pt\/wp-json\/wp\/v2\/comments?post=1907"}],"version-history":[{"count":112,"href":"https:\/\/www.j-unk.com\/pt\/wp-json\/wp\/v2\/pages\/1907\/revisions"}],"predecessor-version":[{"id":6403,"href":"https:\/\/www.j-unk.com\/pt\/wp-json\/wp\/v2\/pages\/1907\/revisions\/6403"}],"wp:attachment":[{"href":"https:\/\/www.j-unk.com\/pt\/wp-json\/wp\/v2\/media?parent=1907"}],"curies":[{"name":"wp","href":"https:\/\/api.w.org\/{rel}","templated":true}]}}