{"id":3803,"date":"2021-12-28T15:36:12","date_gmt":"2021-12-28T15:36:12","guid":{"rendered":"https:\/\/www.j-unk.com\/?page_id=3803"},"modified":"2023-02-07T16:16:38","modified_gmt":"2023-02-07T16:16:38","slug":"cookies","status":"publish","type":"page","link":"https:\/\/www.j-unk.com\/pt\/cookies\/","title":{"rendered":"Cookies"},"content":{"rendered":"<div data-elementor-type=\"wp-page\" data-elementor-id=\"3803\" class=\"elementor elementor-3803\" data-elementor-post-type=\"page\">\n\t\t\t\t\t\t<section class=\"elementor-section elementor-top-section elementor-element elementor-element-ffe52cc elementor-section-boxed elementor-section-height-default elementor-section-height-default\" data-id=\"ffe52cc\" data-element_type=\"section\" data-e-type=\"section\">\n\t\t\t\t\t\t<div class=\"elementor-container elementor-column-gap-default\">\n\t\t\t\t\t<div class=\"elementor-column elementor-col-100 elementor-top-column elementor-element elementor-element-d2590fd\" data-id=\"d2590fd\" data-element_type=\"column\" data-e-type=\"column\">\n\t\t\t<div class=\"elementor-widget-wrap elementor-element-populated\">\n\t\t\t\t\t\t<div class=\"elementor-element elementor-element-f908b1a elementor-widget elementor-widget-heading\" data-id=\"f908b1a\" data-element_type=\"widget\" data-e-type=\"widget\" data-widget_type=\"heading.default\">\n\t\t\t\t<div class=\"elementor-widget-container\">\n\t\t\t\t\t<h2 class=\"elementor-heading-title elementor-size-default\">Pol\u00edtica de Cookies<\/h2>\t\t\t\t<\/div>\n\t\t\t\t<\/div>\n\t\t\t\t<div class=\"elementor-element elementor-element-38a6343 elementor-widget elementor-widget-text-editor\" data-id=\"38a6343\" data-element_type=\"widget\" data-e-type=\"widget\" data-widget_type=\"text-editor.default\">\n\t\t\t\t<div class=\"elementor-widget-container\">\n\t\t\t\t\t\t\t\t\t<header>\n<p><span style=\"font-size: 16px;\">A Shoelutions, Lda gere o website <a style=\"font-size: 16px;\" href=\"https:\/\/www.j-unk.com\/pt\/\" target=\"_blank\" rel=\"noopener\">https:\/\/www.j-unk.com<\/a> (\u201cn\u00f3s\u201d, a \"plataforma\u201d ou o \u201cservi\u00e7o\u201d).<\/span><\/p>\n<p><span style=\"font-size: 16px;\">N\u00f3s usamos cookies<\/span><span style=\"font-size: 16px;\">Ao usar o website, voc\u00ea concorda com o uso de cookies.<\/span><\/p>\n<\/header>\n<div>\n<p>A nossa Pol\u00edtica de Cookies explica o que s\u00e3o cookies, como os usamos, como terceiros com quem nos podemos associar podem usar cookies no servi\u00e7o, as suas op\u00e7\u00f5es e escolhas em rela\u00e7\u00e3o aos cookies entre outras informa\u00e7\u00f5es.&nbsp;<\/p>\n<h5><strong>O QUE S\u00c3O COOKIES?<\/strong><\/h5>\n<p>Cookies s\u00e3o pequenos ficheiros de texto que um website, app ou outra plataforma semelhante armazenam no seu computador, tablet, smartphone ou outro dispositivo semelhante quando visita essa plataforma. Os&nbsp;<span style=\"color: var( --e-global-color-text ); font-family: var( --e-global-typography-text-font-family ), Verdana, Sans-serif; font-weight: var( --e-global-typography-text-font-weight ); font-size: 1rem;\">cookies permitem facilitar a navega\u00e7\u00e3o, nomeadamente memorizando o idioma ou outras prefer\u00eancias, e saber como \u00e9 que os utilizadores interagem com a plataforma por forma a melhorar o servi\u00e7o e torna-lo mais \u00fatil para si. Tamb\u00e9m s\u00e3o utilizados para oferecer publicidade de acordo com as prefer\u00eancias do utilizador.<\/span><\/p>\n<p>Os cookies n\u00e3o danificam o seu computador ou dispositivo. Esta explica\u00e7\u00e3o \u00e9 uma amostra geral do que se entende por Cookies, apenas para efeitos informativos.<\/p>\n<h5><strong>COMO \u00c9 QUE USAMOS OS COOKIES?<\/strong><\/h5>\n<p>Os Cookies s\u00e3o uma parte essencial do funcionamento do nosso website.<\/p>\n<p>O principal objetivo dos nossos cookies \u00e9 tornar a sua experi\u00eancia de navega\u00e7\u00e3o mais c\u00f3moda e eficiente, como por exemplo recordar as suas prefer\u00eancias no que diz respeito a idioma, moeda, etc durante a navega\u00e7\u00e3o e nas visitas futuras.<\/p>\n<p>Tamb\u00e9m utilizamos os nossos cookies para monitorizar e melhorar continuamente os nossos servi\u00e7os e o nosso website atrav\u00e9s de estimativas sobre dados e padr\u00f5es de utiliza\u00e7\u00e3o (n\u00famero de visitas, sec\u00e7\u00f5es mais visitadas, tempo de visita, etc.), esta monitoriza\u00e7\u00e3o poder\u00e1 ser efectuada por n\u00f3s ou terceiros contratados para o efeito. Os cookies tamb\u00e9m poder\u00e3o ser utilizados para lhe poder oferecer publicidade personalizada (na nossa ou em plataformas de terceiros), segundo os seus h\u00e1bitos de navega\u00e7\u00e3o.<\/p>\n<p>Em todo o caso, nos Cookies que utilizamos, nunca armazenamos informa\u00e7\u00e3o sens\u00edvel como palavras passe, dados de cart\u00f5es de cr\u00e9dito ou d\u00e9bito, etc.<\/p>\n<p>Em resumo, n\u00f3s usamos cookies essencialmente para os seguintes fins:<\/p>\n<ul>\n<li>habilitar certas fun\u00e7\u00f5es do website;<\/li>\n<li>executar, monitorizar e melhorar o funcionamento website;<\/li>\n<li>oferecer publicidade personalizada;<\/li>\n<li>autenticar utilizadores e impedir o uso fraudulento de contas de usu\u00e1rios.<\/li>\n<\/ul>\n<h5><strong>QUAIS S\u00c3O AS SUAS ESCOLHAS EM RELA\u00c7\u00c3O AOS COOKIES?<\/strong><\/h5>\n<p>Se quiser excluir cookies total ou parcialmente dever\u00e1 instruir o seu navegador para excluir ou recusar cookies, visite as p\u00e1ginas de ajuda do seu navegador abaixo indicadas.<\/p>\n<p>Tenha em aten\u00e7\u00e3o, no entanto, que se eliminar cookies ou se recusar a aceit\u00e1-los, poder\u00e1 n\u00e3o conseguir utilizar todas as funcionalidades que oferecemos, poder\u00e1 n\u00e3o conseguir armazenar as suas prefer\u00eancias e algumas das nossas p\u00e1ginas poder\u00e3o n\u00e3o ser apresentadas corretamente.<\/p>\n<ul>\n<li>Para o navegador Chrome, procure informa\u00e7\u00e3o no Centro de Ajuda Google sobre limpar cache e cookies.<\/li>\n<li>Para o navegador Internet Explorer, visite o Centro de Ajuda da Microsoft<\/li>\n<li>Para o navegador Firefox, visite o Centro de Ajuda da Mozilla<\/li>\n<li>Para o navegador Safari, visite o Centro de Ajuda da Apple<\/li>\n<li>Para qualquer outro navegador, visite a p\u00e1gina oficial do mesmo.<\/li>\n<\/ul>\n<h5><strong>MAIS INFORMA\u00c7\u00d5ES OU OUTRAS QUEST\u00d5ES RELACIONADAS<\/strong><\/h5>\n<p>Pode aprender mais sobre cookies nos seguintes sites:<\/p>\n<ul>\n<li>AllAboutCookies:&nbsp;<a href=\"http:\/\/www.allaboutcookies.org\/\" target=\"_blank\" rel=\"noopener\">http:\/\/www.allaboutcookies.org\/<\/a><\/li>\n<li>Iniciativa de Publicidade em Rede: <a href=\"https:\/\/thenai.org\/\" target=\"_blank\" rel=\"noopener\">http:\/\/www.thenaig.org\/<\/a><\/li>\n<\/ul>\n<p>Qualquer outra quest\u00e3o relacionada poder\u00e1 entrar em contacto connosco atrav\u00e9s do seguinte e-mail: <a href=\"mailto:info@j-unk.com\">info@j-unk.com<\/a> .<\/p>\n<p>Esta pol\u00edtica de Cookies entra em vigor a partir de 1 de Dezembro de 2021<\/p>\n<\/div>\t\t\t\t\t\t\t\t<\/div>\n\t\t\t\t<\/div>\n\t\t\t\t\t<\/div>\n\t\t<\/div>\n\t\t\t\t\t<\/div>\n\t\t<\/section>\n\t\t\t\t<\/div>","protected":false},"excerpt":{"rendered":"<p>Cookies Policy Shoelutions, Lda operates the website https:\/\/www.j-unk.com (&#8220;we&#8221;, &#8220;platform&#8221; or &#8220;service&#8221;). We uses cookies. By using this website, you agree to the use of cookies. Our Cookie Policy explains what cookies are, how we use them, how third parties with whom we may associate may use cookies on the service, your options and choices [&hellip;]<\/p>\n","protected":false},"author":1,"featured_media":0,"parent":0,"menu_order":0,"comment_status":"closed","ping_status":"closed","template":"","meta":{"_acf_changed":false,"footnotes":""},"class_list":["post-3803","page","type-page","status-publish","hentry"],"acf":[],"yoast_head":"<!-- This site is optimized with the Yoast SEO plugin v27.5 - https:\/\/yoast.com\/product\/yoast-seo-wordpress\/ -->\n<title>J-UNK Shoes | Cookies Policy<\/title>\n<meta name=\"description\" content=\"Our Cookie Policy explains all you need to know about this subject. Please read them as well as our Privacy Policy.\" \/>\n<meta name=\"robots\" content=\"index, follow, max-snippet:-1, max-image-preview:large, max-video-preview:-1\" \/>\n<link rel=\"canonical\" href=\"https:\/\/www.j-unk.com\/pt\/cookies\/\" \/>\n<meta property=\"og:locale\" content=\"pt_PT\" \/>\n<meta property=\"og:type\" content=\"article\" \/>\n<meta property=\"og:title\" content=\"J-UNK Shoes | Cookies Policy\" \/>\n<meta property=\"og:description\" content=\"Our Cookie Policy explains all you need to know about this subject. Please read them as well as our Privacy Policy.\" \/>\n<meta property=\"og:url\" content=\"https:\/\/www.j-unk.com\/pt\/cookies\/\" \/>\n<meta property=\"og:site_name\" content=\"J-UNK\" \/>\n<meta property=\"article:publisher\" content=\"https:\/\/www.facebook.com\/j.unk.buylessbutbetter\" \/>\n<meta property=\"article:modified_time\" content=\"2023-02-07T16:16:38+00:00\" \/>\n<meta property=\"og:image\" content=\"https:\/\/www.j-unk.com\/wp-content\/uploads\/2021\/07\/LOGO-WEB.png\" \/>\n\t<meta property=\"og:image:width\" content=\"1920\" \/>\n\t<meta property=\"og:image:height\" content=\"865\" \/>\n\t<meta property=\"og:image:type\" content=\"image\/png\" \/>\n<meta name=\"twitter:card\" content=\"summary_large_image\" \/>\n<meta name=\"twitter:label1\" content=\"Tempo estimado de leitura\" \/>\n\t<meta name=\"twitter:data1\" content=\"3 minutos\" \/>\n<script type=\"application\/ld+json\" class=\"yoast-schema-graph\">{\"@context\":\"https:\\\/\\\/schema.org\",\"@graph\":[{\"@type\":\"WebPage\",\"@id\":\"https:\\\/\\\/www.j-unk.com\\\/cookies\\\/\",\"url\":\"https:\\\/\\\/www.j-unk.com\\\/cookies\\\/\",\"name\":\"J-UNK Shoes | Cookies Policy\",\"isPartOf\":{\"@id\":\"https:\\\/\\\/www.j-unk.com\\\/#website\"},\"datePublished\":\"2021-12-28T15:36:12+00:00\",\"dateModified\":\"2023-02-07T16:16:38+00:00\",\"description\":\"Our Cookie Policy explains all you need to know about this subject. Please read them as well as our Privacy Policy.\",\"breadcrumb\":{\"@id\":\"https:\\\/\\\/www.j-unk.com\\\/cookies\\\/#breadcrumb\"},\"inLanguage\":\"pt-PT\",\"potentialAction\":[{\"@type\":\"ReadAction\",\"target\":[\"https:\\\/\\\/www.j-unk.com\\\/cookies\\\/\"]}]},{\"@type\":\"BreadcrumbList\",\"@id\":\"https:\\\/\\\/www.j-unk.com\\\/cookies\\\/#breadcrumb\",\"itemListElement\":[{\"@type\":\"ListItem\",\"position\":1,\"name\":\"Home\",\"item\":\"https:\\\/\\\/www.j-unk.com\\\/\"},{\"@type\":\"ListItem\",\"position\":2,\"name\":\"Cookies\"}]},{\"@type\":\"WebSite\",\"@id\":\"https:\\\/\\\/www.j-unk.com\\\/#website\",\"url\":\"https:\\\/\\\/www.j-unk.com\\\/\",\"name\":\"J-UNK\",\"description\":\"J-UNK shoes\",\"publisher\":{\"@id\":\"https:\\\/\\\/www.j-unk.com\\\/#organization\"},\"alternateName\":\"J-UNK Shoes\",\"potentialAction\":[{\"@type\":\"SearchAction\",\"target\":{\"@type\":\"EntryPoint\",\"urlTemplate\":\"https:\\\/\\\/www.j-unk.com\\\/?s={search_term_string}\"},\"query-input\":{\"@type\":\"PropertyValueSpecification\",\"valueRequired\":true,\"valueName\":\"search_term_string\"}}],\"inLanguage\":\"pt-PT\"},{\"@type\":\"Organization\",\"@id\":\"https:\\\/\\\/www.j-unk.com\\\/#organization\",\"name\":\"J-UNK Shoes\",\"url\":\"https:\\\/\\\/www.j-unk.com\\\/\",\"logo\":{\"@type\":\"ImageObject\",\"inLanguage\":\"pt-PT\",\"@id\":\"https:\\\/\\\/www.j-unk.com\\\/#\\\/schema\\\/logo\\\/image\\\/\",\"url\":\"https:\\\/\\\/www.j-unk.com\\\/wp-content\\\/uploads\\\/2021\\\/07\\\/LOGO-WEB.png\",\"contentUrl\":\"https:\\\/\\\/www.j-unk.com\\\/wp-content\\\/uploads\\\/2021\\\/07\\\/LOGO-WEB.png\",\"width\":1920,\"height\":865,\"caption\":\"J-UNK Shoes\"},\"image\":{\"@id\":\"https:\\\/\\\/www.j-unk.com\\\/#\\\/schema\\\/logo\\\/image\\\/\"},\"sameAs\":[\"https:\\\/\\\/www.facebook.com\\\/j.unk.buylessbutbetter\",\"https:\\\/\\\/www.instagram.com\\\/j_unk_shoes\\\/?hl=pt\"]}]}<\/script>\n<!-- \/ Yoast SEO plugin. -->","yoast_head_json":{"title":"J-UNK Shoes | Cookies Policy","description":"Our Cookie Policy explains all you need to know about this subject. Please read them as well as our Privacy Policy.","robots":{"index":"index","follow":"follow","max-snippet":"max-snippet:-1","max-image-preview":"max-image-preview:large","max-video-preview":"max-video-preview:-1"},"canonical":"https:\/\/www.j-unk.com\/pt\/cookies\/","og_locale":"pt_PT","og_type":"article","og_title":"J-UNK Shoes | Cookies Policy","og_description":"Our Cookie Policy explains all you need to know about this subject. Please read them as well as our Privacy Policy.","og_url":"https:\/\/www.j-unk.com\/pt\/cookies\/","og_site_name":"J-UNK","article_publisher":"https:\/\/www.facebook.com\/j.unk.buylessbutbetter","article_modified_time":"2023-02-07T16:16:38+00:00","og_image":[{"width":1920,"height":865,"url":"https:\/\/www.j-unk.com\/wp-content\/uploads\/2021\/07\/LOGO-WEB.png","type":"image\/png"}],"twitter_card":"summary_large_image","twitter_misc":{"Tempo estimado de leitura":"3 minutos"},"schema":{"@context":"https:\/\/schema.org","@graph":[{"@type":"WebPage","@id":"https:\/\/www.j-unk.com\/cookies\/","url":"https:\/\/www.j-unk.com\/cookies\/","name":"J-UNK Shoes | Cookies Policy","isPartOf":{"@id":"https:\/\/www.j-unk.com\/#website"},"datePublished":"2021-12-28T15:36:12+00:00","dateModified":"2023-02-07T16:16:38+00:00","description":"Our Cookie Policy explains all you need to know about this subject. Please read them as well as our Privacy Policy.","breadcrumb":{"@id":"https:\/\/www.j-unk.com\/cookies\/#breadcrumb"},"inLanguage":"pt-PT","potentialAction":[{"@type":"ReadAction","target":["https:\/\/www.j-unk.com\/cookies\/"]}]},{"@type":"BreadcrumbList","@id":"https:\/\/www.j-unk.com\/cookies\/#breadcrumb","itemListElement":[{"@type":"ListItem","position":1,"name":"Home","item":"https:\/\/www.j-unk.com\/"},{"@type":"ListItem","position":2,"name":"Cookies"}]},{"@type":"WebSite","@id":"https:\/\/www.j-unk.com\/#website","url":"https:\/\/www.j-unk.com\/","name":"PORCARIA","description":"Sapatos J-UNK","publisher":{"@id":"https:\/\/www.j-unk.com\/#organization"},"alternateName":"J-UNK Shoes","potentialAction":[{"@type":"SearchAction","target":{"@type":"EntryPoint","urlTemplate":"https:\/\/www.j-unk.com\/?s={search_term_string}"},"query-input":{"@type":"PropertyValueSpecification","valueRequired":true,"valueName":"search_term_string"}}],"inLanguage":"pt-PT"},{"@type":"Organization","@id":"https:\/\/www.j-unk.com\/#organization","name":"J-UNK Shoes","url":"https:\/\/www.j-unk.com\/","logo":{"@type":"ImageObject","inLanguage":"pt-PT","@id":"https:\/\/www.j-unk.com\/#\/schema\/logo\/image\/","url":"https:\/\/www.j-unk.com\/wp-content\/uploads\/2021\/07\/LOGO-WEB.png","contentUrl":"https:\/\/www.j-unk.com\/wp-content\/uploads\/2021\/07\/LOGO-WEB.png","width":1920,"height":865,"caption":"J-UNK Shoes"},"image":{"@id":"https:\/\/www.j-unk.com\/#\/schema\/logo\/image\/"},"sameAs":["https:\/\/www.facebook.com\/j.unk.buylessbutbetter","https:\/\/www.instagram.com\/j_unk_shoes\/?hl=pt"]}]}},"_links":{"self":[{"href":"https:\/\/www.j-unk.com\/pt\/wp-json\/wp\/v2\/pages\/3803","targetHints":{"allow":["GET"]}}],"collection":[{"href":"https:\/\/www.j-unk.com\/pt\/wp-json\/wp\/v2\/pages"}],"about":[{"href":"https:\/\/www.j-unk.com\/pt\/wp-json\/wp\/v2\/types\/page"}],"author":[{"embeddable":true,"href":"https:\/\/www.j-unk.com\/pt\/wp-json\/wp\/v2\/users\/1"}],"replies":[{"embeddable":true,"href":"https:\/\/www.j-unk.com\/pt\/wp-json\/wp\/v2\/comments?post=3803"}],"version-history":[{"count":26,"href":"https:\/\/www.j-unk.com\/pt\/wp-json\/wp\/v2\/pages\/3803\/revisions"}],"predecessor-version":[{"id":8058,"href":"https:\/\/www.j-unk.com\/pt\/wp-json\/wp\/v2\/pages\/3803\/revisions\/8058"}],"wp:attachment":[{"href":"https:\/\/www.j-unk.com\/pt\/wp-json\/wp\/v2\/media?parent=3803"}],"curies":[{"name":"wp","href":"https:\/\/api.w.org\/{rel}","templated":true}]}}