{"id":7056,"date":"2022-11-10T15:01:54","date_gmt":"2022-11-10T15:01:54","guid":{"rendered":"https:\/\/www.j-unk.com\/?page_id=7056"},"modified":"2022-11-16T14:12:23","modified_gmt":"2022-11-16T14:12:23","slug":"size-guide","status":"publish","type":"page","link":"https:\/\/www.j-unk.com\/pt\/size-guide\/","title":{"rendered":"Guia de Tamanho"},"content":{"rendered":"<div data-elementor-type=\"wp-page\" data-elementor-id=\"7056\" class=\"elementor elementor-7056\" data-elementor-post-type=\"page\">\n\t\t\t\t\t\t<section class=\"elementor-section elementor-top-section elementor-element elementor-element-513ab8f elementor-section-full_width elementor-section-height-min-height elementor-section-height-default elementor-section-items-middle\" data-id=\"513ab8f\" data-element_type=\"section\" data-e-type=\"section\" data-settings=\"{&quot;background_background&quot;:&quot;classic&quot;}\">\n\t\t\t\t\t\t\t<div class=\"elementor-background-overlay\"><\/div>\n\t\t\t\t\t\t\t<div class=\"elementor-container elementor-column-gap-default\">\n\t\t\t\t\t<div class=\"elementor-column elementor-col-100 elementor-top-column elementor-element elementor-element-ea13824\" data-id=\"ea13824\" data-element_type=\"column\" data-e-type=\"column\">\n\t\t\t<div class=\"elementor-widget-wrap elementor-element-populated\">\n\t\t\t\t\t\t<div class=\"elementor-element elementor-element-eaec7cf elementor-hidden-mobile elementor-widget elementor-widget-heading\" data-id=\"eaec7cf\" data-element_type=\"widget\" data-e-type=\"widget\" data-widget_type=\"heading.default\">\n\t\t\t\t<div class=\"elementor-widget-container\">\n\t\t\t\t\t<h2 class=\"elementor-heading-title elementor-size-default\">Guia de Tamanho<\/h2>\t\t\t\t<\/div>\n\t\t\t\t<\/div>\n\t\t\t\t<div class=\"elementor-element elementor-element-7b71b79 elementor-hidden-mobile elementor-widget elementor-widget-heading\" data-id=\"7b71b79\" data-element_type=\"widget\" data-e-type=\"widget\" data-widget_type=\"heading.default\">\n\t\t\t\t<div class=\"elementor-widget-container\">\n\t\t\t\t\t<h2 class=\"elementor-heading-title elementor-size-default\">Encontra o teu tamanho facilmente!<\/h2>\t\t\t\t<\/div>\n\t\t\t\t<\/div>\n\t\t\t\t\t<\/div>\n\t\t<\/div>\n\t\t\t\t\t<\/div>\n\t\t<\/section>\n\t\t\t\t<section class=\"elementor-section elementor-top-section elementor-element elementor-element-77ed27a elementor-section-boxed elementor-section-height-default elementor-section-height-default\" data-id=\"77ed27a\" data-element_type=\"section\" data-e-type=\"section\">\n\t\t\t\t\t\t<div class=\"elementor-container elementor-column-gap-default\">\n\t\t\t\t\t<div class=\"elementor-column elementor-col-100 elementor-top-column elementor-element elementor-element-51e7629\" data-id=\"51e7629\" data-element_type=\"column\" data-e-type=\"column\">\n\t\t\t<div class=\"elementor-widget-wrap elementor-element-populated\">\n\t\t\t\t\t\t<div class=\"elementor-element elementor-element-b322f9d elementor-widget elementor-widget-heading\" data-id=\"b322f9d\" data-element_type=\"widget\" data-e-type=\"widget\" data-widget_type=\"heading.default\">\n\t\t\t\t<div class=\"elementor-widget-container\">\n\t\t\t\t\t<h2 class=\"elementor-heading-title elementor-size-default\">Como descobrir o seu tamanho<\/h2>\t\t\t\t<\/div>\n\t\t\t\t<\/div>\n\t\t\t\t<div class=\"elementor-element elementor-element-91e11fc elementor-widget elementor-widget-text-editor\" data-id=\"91e11fc\" data-element_type=\"widget\" data-e-type=\"widget\" data-widget_type=\"text-editor.default\">\n\t\t\t\t<div class=\"elementor-widget-container\">\n\t\t\t\t\t\t\t\t\t<p class=\"translation-block\">Fa\u00e7a o <a href=\"https:\/\/www.j-unk.com\/wp-content\/uploads\/2022\/11\/J-UNK_SIZE_GUIDE_V3-1.pdf\" target=\"_blank\" rel=\"noopener\">Download<\/a> do nosso guia de tamanho e imprima em A4, use o tamanho real sem ajustes.<\/p><p>Fa\u00e7a a medi\u00e7\u00e3o do tamanho do p\u00e9 ao final do dia, depois do p\u00e9 estar dilatado ao tamanho m\u00e1ximo.<\/p>\t\t\t\t\t\t\t\t<\/div>\n\t\t\t\t<\/div>\n\t\t\t\t<section class=\"elementor-section elementor-inner-section elementor-element elementor-element-2a695e8 elementor-section-boxed elementor-section-height-default elementor-section-height-default\" data-id=\"2a695e8\" data-element_type=\"section\" data-e-type=\"section\">\n\t\t\t\t\t\t<div class=\"elementor-container elementor-column-gap-default\">\n\t\t\t\t\t<div class=\"elementor-column elementor-col-33 elementor-inner-column elementor-element elementor-element-9035d3f\" data-id=\"9035d3f\" data-element_type=\"column\" data-e-type=\"column\">\n\t\t\t<div class=\"elementor-widget-wrap elementor-element-populated\">\n\t\t\t\t\t\t<div class=\"elementor-element elementor-element-1f79fb2 elementor-widget elementor-widget-gallery\" data-id=\"1f79fb2\" data-element_type=\"widget\" data-e-type=\"widget\" data-settings=\"{&quot;columns&quot;:1,&quot;columns_tablet&quot;:1,&quot;aspect_ratio&quot;:&quot;1:1&quot;,&quot;gallery_layout&quot;:&quot;grid&quot;,&quot;columns_mobile&quot;:1,&quot;gap&quot;:{&quot;unit&quot;:&quot;px&quot;,&quot;size&quot;:10,&quot;sizes&quot;:[]},&quot;gap_tablet&quot;:{&quot;unit&quot;:&quot;px&quot;,&quot;size&quot;:10,&quot;sizes&quot;:[]},&quot;gap_mobile&quot;:{&quot;unit&quot;:&quot;px&quot;,&quot;size&quot;:10,&quot;sizes&quot;:[]},&quot;content_hover_animation&quot;:&quot;fade-in&quot;}\" data-widget_type=\"gallery.default\">\n\t\t\t\t<div class=\"elementor-widget-container\">\n\t\t\t\t\t\t\t<div class=\"elementor-gallery__container\">\n\t\t\t\t\t\t\t<div class=\"e-gallery-item elementor-gallery-item elementor-animated-content\">\n\t\t\t\t\t<div class=\"e-gallery-image elementor-gallery-item__image\" data-thumbnail=\"https:\/\/www.j-unk.com\/wp-content\/uploads\/2022\/11\/size-guide-instructions1-1.jpg\" data-width=\"800\" data-height=\"800\" aria-label=\"\" role=\"img\" ><\/div>\n\t\t\t\t\t\t\t\t\t\t\t\t\t\t<\/div>\n\t\t\t\t\t<\/div>\n\t\t\t\t\t<\/div>\n\t\t\t\t<\/div>\n\t\t\t\t<div class=\"elementor-element elementor-element-9e12f7a elementor-widget elementor-widget-text-editor\" data-id=\"9e12f7a\" data-element_type=\"widget\" data-e-type=\"widget\" data-widget_type=\"text-editor.default\">\n\t\t\t\t<div class=\"elementor-widget-container\">\n\t\t\t\t\t\t\t\t\t<p><strong>1.<\/strong> Corte o papel pela linha indicada e coloque no cha\u0303o encostado a uma parede.<\/p>\t\t\t\t\t\t\t\t<\/div>\n\t\t\t\t<\/div>\n\t\t\t\t\t<\/div>\n\t\t<\/div>\n\t\t\t\t<div class=\"elementor-column elementor-col-33 elementor-inner-column elementor-element elementor-element-c5cb3eb\" data-id=\"c5cb3eb\" data-element_type=\"column\" data-e-type=\"column\">\n\t\t\t<div class=\"elementor-widget-wrap elementor-element-populated\">\n\t\t\t\t\t\t<div class=\"elementor-element elementor-element-99ee96b elementor-widget elementor-widget-gallery\" data-id=\"99ee96b\" data-element_type=\"widget\" data-e-type=\"widget\" data-settings=\"{&quot;columns&quot;:1,&quot;columns_tablet&quot;:1,&quot;aspect_ratio&quot;:&quot;1:1&quot;,&quot;gallery_layout&quot;:&quot;grid&quot;,&quot;columns_mobile&quot;:1,&quot;gap&quot;:{&quot;unit&quot;:&quot;px&quot;,&quot;size&quot;:10,&quot;sizes&quot;:[]},&quot;gap_tablet&quot;:{&quot;unit&quot;:&quot;px&quot;,&quot;size&quot;:10,&quot;sizes&quot;:[]},&quot;gap_mobile&quot;:{&quot;unit&quot;:&quot;px&quot;,&quot;size&quot;:10,&quot;sizes&quot;:[]},&quot;link_to&quot;:&quot;file&quot;,&quot;content_hover_animation&quot;:&quot;fade-in&quot;}\" data-widget_type=\"gallery.default\">\n\t\t\t\t<div class=\"elementor-widget-container\">\n\t\t\t\t\t\t\t<div class=\"elementor-gallery__container\">\n\t\t\t\t\t\t\t<a class=\"e-gallery-item elementor-gallery-item elementor-animated-content\" href=\"https:\/\/www.j-unk.com\/wp-content\/uploads\/2022\/11\/size-guide-instructions2.jpg\" data-elementor-open-lightbox=\"yes\" data-elementor-lightbox-slideshow=\"99ee96b\" data-elementor-lightbox-title=\"size-guide-instructions2\" data-e-action-hash=\"#elementor-action%3Aaction%3Dlightbox%26settings%3DeyJpZCI6NzA3NCwidXJsIjoiaHR0cHM6XC9cL3d3dy5qLXVuay5jb21cL3dwLWNvbnRlbnRcL3VwbG9hZHNcLzIwMjJcLzExXC9zaXplLWd1aWRlLWluc3RydWN0aW9uczIuanBnIiwic2xpZGVzaG93IjoiOTllZTk2YiJ9\">\n\t\t\t\t\t<div class=\"e-gallery-image elementor-gallery-item__image\" data-thumbnail=\"https:\/\/www.j-unk.com\/wp-content\/uploads\/2022\/11\/size-guide-instructions2.jpg\" data-width=\"800\" data-height=\"800\" aria-label=\"\" role=\"img\" ><\/div>\n\t\t\t\t\t\t\t\t\t\t\t\t\t\t<\/a>\n\t\t\t\t\t<\/div>\n\t\t\t\t\t<\/div>\n\t\t\t\t<\/div>\n\t\t\t\t<div class=\"elementor-element elementor-element-abfc5f9 elementor-widget elementor-widget-text-editor\" data-id=\"abfc5f9\" data-element_type=\"widget\" data-e-type=\"widget\" data-widget_type=\"text-editor.default\">\n\t\t\t\t<div class=\"elementor-widget-container\">\n\t\t\t\t\t\t\t\t\t<p><strong>2.<\/strong> Coloque o pe\u0301 sobre a linha marcada\nno papel com o calcanhar encostado na parede e marque a linha do seu pe\u0301. Repita o processo com o outro pe\u0301, pois ambos os pe\u0301s podem variar em tamanho.<\/p>\t\t\t\t\t\t\t\t<\/div>\n\t\t\t\t<\/div>\n\t\t\t\t\t<\/div>\n\t\t<\/div>\n\t\t\t\t<div class=\"elementor-column elementor-col-33 elementor-inner-column elementor-element elementor-element-b71cf16\" data-id=\"b71cf16\" data-element_type=\"column\" data-e-type=\"column\">\n\t\t\t<div class=\"elementor-widget-wrap elementor-element-populated\">\n\t\t\t\t\t\t<div class=\"elementor-element elementor-element-7bf4ca8 elementor-widget elementor-widget-gallery\" data-id=\"7bf4ca8\" data-element_type=\"widget\" data-e-type=\"widget\" data-settings=\"{&quot;columns&quot;:1,&quot;columns_tablet&quot;:1,&quot;aspect_ratio&quot;:&quot;1:1&quot;,&quot;gallery_layout&quot;:&quot;grid&quot;,&quot;columns_mobile&quot;:1,&quot;gap&quot;:{&quot;unit&quot;:&quot;px&quot;,&quot;size&quot;:10,&quot;sizes&quot;:[]},&quot;gap_tablet&quot;:{&quot;unit&quot;:&quot;px&quot;,&quot;size&quot;:10,&quot;sizes&quot;:[]},&quot;gap_mobile&quot;:{&quot;unit&quot;:&quot;px&quot;,&quot;size&quot;:10,&quot;sizes&quot;:[]},&quot;content_hover_animation&quot;:&quot;fade-in&quot;}\" data-widget_type=\"gallery.default\">\n\t\t\t\t<div class=\"elementor-widget-container\">\n\t\t\t\t\t\t\t<div class=\"elementor-gallery__container\">\n\t\t\t\t\t\t\t<div class=\"e-gallery-item elementor-gallery-item elementor-animated-content\">\n\t\t\t\t\t<div class=\"e-gallery-image elementor-gallery-item__image\" data-thumbnail=\"https:\/\/www.j-unk.com\/wp-content\/uploads\/2022\/11\/size-guide-instructions3.jpg\" data-width=\"800\" data-height=\"800\" aria-label=\"\" role=\"img\" ><\/div>\n\t\t\t\t\t\t\t\t\t\t\t\t\t\t<\/div>\n\t\t\t\t\t<\/div>\n\t\t\t\t\t<\/div>\n\t\t\t\t<\/div>\n\t\t\t\t<div class=\"elementor-element elementor-element-6a7bd47 elementor-widget elementor-widget-text-editor\" data-id=\"6a7bd47\" data-element_type=\"widget\" data-e-type=\"widget\" data-widget_type=\"text-editor.default\">\n\t\t\t\t<div class=\"elementor-widget-container\">\n\t\t\t\t\t\t\t\t\t<p><strong>3.<\/strong> Com a ajuda de uma fita me\u0301trica con- firme o comprimento do seu pe\u0301 em linha reta. Procure o seu tamanho na tabela.<\/p>\t\t\t\t\t\t\t\t<\/div>\n\t\t\t\t<\/div>\n\t\t\t\t\t<\/div>\n\t\t<\/div>\n\t\t\t\t\t<\/div>\n\t\t<\/section>\n\t\t\t\t<div class=\"elementor-element elementor-element-ba9d551 elementor-widget elementor-widget-gallery\" data-id=\"ba9d551\" data-element_type=\"widget\" data-e-type=\"widget\" data-settings=\"{&quot;columns&quot;:1,&quot;columns_tablet&quot;:1,&quot;gallery_layout&quot;:&quot;grid&quot;,&quot;columns_mobile&quot;:1,&quot;gap&quot;:{&quot;unit&quot;:&quot;px&quot;,&quot;size&quot;:10,&quot;sizes&quot;:[]},&quot;gap_tablet&quot;:{&quot;unit&quot;:&quot;px&quot;,&quot;size&quot;:10,&quot;sizes&quot;:[]},&quot;gap_mobile&quot;:{&quot;unit&quot;:&quot;px&quot;,&quot;size&quot;:10,&quot;sizes&quot;:[]},&quot;aspect_ratio&quot;:&quot;3:2&quot;,&quot;content_hover_animation&quot;:&quot;fade-in&quot;}\" data-widget_type=\"gallery.default\">\n\t\t\t\t<div class=\"elementor-widget-container\">\n\t\t\t\t\t\t\t<div class=\"elementor-gallery__container\">\n\t\t\t\t\t\t\t<div class=\"e-gallery-item elementor-gallery-item elementor-animated-content\">\n\t\t\t\t\t<div class=\"e-gallery-image elementor-gallery-item__image\" data-thumbnail=\"https:\/\/www.j-unk.com\/wp-content\/uploads\/2022\/11\/banner-mockup-sizeguide-1024x766.jpg\" data-width=\"800\" data-height=\"598\" aria-label=\"\" role=\"img\" ><\/div>\n\t\t\t\t\t\t\t\t\t\t\t\t\t\t<\/div>\n\t\t\t\t\t<\/div>\n\t\t\t\t\t<\/div>\n\t\t\t\t<\/div>\n\t\t\t\t<div class=\"elementor-element elementor-element-158580a elementor-widget elementor-widget-heading\" data-id=\"158580a\" data-element_type=\"widget\" data-e-type=\"widget\" data-widget_type=\"heading.default\">\n\t\t\t\t<div class=\"elementor-widget-container\">\n\t\t\t\t\t<h2 class=\"elementor-heading-title elementor-size-default\">Faz o download do template<\/h2>\t\t\t\t<\/div>\n\t\t\t\t<\/div>\n\t\t\t\t<div class=\"elementor-element elementor-element-56b73f7 elementor-align-center elementor-widget elementor-widget-button\" data-id=\"56b73f7\" data-element_type=\"widget\" data-e-type=\"widget\" data-widget_type=\"button.default\">\n\t\t\t\t<div class=\"elementor-widget-container\">\n\t\t\t\t\t\t\t\t\t<div class=\"elementor-button-wrapper\">\n\t\t\t\t\t<a class=\"elementor-button elementor-button-link elementor-size-sm\" href=\"https:\/\/www.j-unk.com\/wp-content\/uploads\/2022\/11\/J-UNK_SIZE_GUIDE_V3-1.pdf\" target=\"_blank\">\n\t\t\t\t\t\t<span class=\"elementor-button-content-wrapper\">\n\t\t\t\t\t\t\t\t\t<span class=\"elementor-button-text\">Guia de Tamanho<\/span>\n\t\t\t\t\t<\/span>\n\t\t\t\t\t<\/a>\n\t\t\t\t<\/div>\n\t\t\t\t\t\t\t\t<\/div>\n\t\t\t\t<\/div>\n\t\t\t\t<div class=\"elementor-element elementor-element-e918b25 elementor-widget elementor-widget-gallery\" data-id=\"e918b25\" data-element_type=\"widget\" data-e-type=\"widget\" data-settings=\"{&quot;gallery_layout&quot;:&quot;masonry&quot;,&quot;columns&quot;:1,&quot;columns_tablet&quot;:1,&quot;columns_mobile&quot;:1,&quot;gap&quot;:{&quot;unit&quot;:&quot;px&quot;,&quot;size&quot;:10,&quot;sizes&quot;:[]},&quot;gap_tablet&quot;:{&quot;unit&quot;:&quot;px&quot;,&quot;size&quot;:10,&quot;sizes&quot;:[]},&quot;gap_mobile&quot;:{&quot;unit&quot;:&quot;px&quot;,&quot;size&quot;:10,&quot;sizes&quot;:[]},&quot;link_to&quot;:&quot;file&quot;,&quot;content_hover_animation&quot;:&quot;fade-in&quot;}\" data-widget_type=\"gallery.default\">\n\t\t\t\t<div class=\"elementor-widget-container\">\n\t\t\t\t\t\t\t<div class=\"elementor-gallery__container\">\n\t\t\t\t\t\t\t<a class=\"e-gallery-item elementor-gallery-item elementor-animated-content\" href=\"https:\/\/www.j-unk.com\/wp-content\/uploads\/2022\/11\/size-guide-j-unk.jpg\" data-elementor-open-lightbox=\"yes\" data-elementor-lightbox-slideshow=\"e918b25\" data-elementor-lightbox-title=\"size-guide-j-unk\" data-e-action-hash=\"#elementor-action%3Aaction%3Dlightbox%26settings%3DeyJpZCI6NzExMCwidXJsIjoiaHR0cHM6XC9cL3d3dy5qLXVuay5jb21cL3dwLWNvbnRlbnRcL3VwbG9hZHNcLzIwMjJcLzExXC9zaXplLWd1aWRlLWotdW5rLmpwZyIsInNsaWRlc2hvdyI6ImU5MThiMjUifQ%3D%3D\">\n\t\t\t\t\t<div class=\"e-gallery-image elementor-gallery-item__image\" data-thumbnail=\"https:\/\/www.j-unk.com\/wp-content\/uploads\/2022\/11\/size-guide-j-unk.jpg\" data-width=\"1920\" data-height=\"1620\" aria-label=\"\" role=\"img\" ><\/div>\n\t\t\t\t\t\t\t\t\t\t\t\t\t\t<\/a>\n\t\t\t\t\t<\/div>\n\t\t\t\t\t<\/div>\n\t\t\t\t<\/div>\n\t\t\t\t\t<\/div>\n\t\t<\/div>\n\t\t\t\t\t<\/div>\n\t\t<\/section>\n\t\t\t\t<\/div>","protected":false},"excerpt":{"rendered":"<p>Size Guide Find your size easily! How to find your shoe size Download our size guide paper and print in A4, in real size with no adjustments. Trace the feet in the evening, after the feet swollen to their maximum size. 1. Cut the paper on the marked line, place the paper on the flor [&hellip;]<\/p>\n","protected":false},"author":1,"featured_media":0,"parent":0,"menu_order":0,"comment_status":"closed","ping_status":"closed","template":"","meta":{"_acf_changed":false,"footnotes":""},"class_list":["post-7056","page","type-page","status-publish","hentry"],"acf":[],"yoast_head":"<!-- This site is optimized with the Yoast SEO plugin v27.5 - https:\/\/yoast.com\/product\/yoast-seo-wordpress\/ -->\n<title>Size Guide | J-UNK<\/title>\n<meta name=\"robots\" content=\"index, follow, max-snippet:-1, max-image-preview:large, max-video-preview:-1\" \/>\n<link rel=\"canonical\" href=\"https:\/\/www.j-unk.com\/pt\/size-guide\/\" \/>\n<meta property=\"og:locale\" content=\"pt_PT\" \/>\n<meta property=\"og:type\" content=\"article\" \/>\n<meta property=\"og:title\" content=\"Size Guide | J-UNK\" \/>\n<meta property=\"og:description\" content=\"Size Guide Find your size easily! How to find your shoe size Download our size guide paper and print in A4, in real size with no adjustments. Trace the feet in the evening, after the feet swollen to their maximum size. 1. Cut the paper on the marked line, place the paper on the flor [&hellip;]\" \/>\n<meta property=\"og:url\" content=\"https:\/\/www.j-unk.com\/pt\/size-guide\/\" \/>\n<meta property=\"og:site_name\" content=\"J-UNK\" \/>\n<meta property=\"article:publisher\" content=\"https:\/\/www.facebook.com\/j.unk.buylessbutbetter\" \/>\n<meta property=\"article:modified_time\" content=\"2022-11-16T14:12:23+00:00\" \/>\n<meta property=\"og:image\" content=\"https:\/\/www.j-unk.com\/wp-content\/uploads\/2021\/07\/LOGO-WEB.png\" \/>\n\t<meta property=\"og:image:width\" content=\"1920\" \/>\n\t<meta property=\"og:image:height\" content=\"865\" \/>\n\t<meta property=\"og:image:type\" content=\"image\/png\" \/>\n<meta name=\"twitter:card\" content=\"summary_large_image\" \/>\n<meta name=\"twitter:label1\" content=\"Tempo estimado de leitura\" \/>\n\t<meta name=\"twitter:data1\" content=\"1 minuto\" \/>\n<script type=\"application\/ld+json\" class=\"yoast-schema-graph\">{\"@context\":\"https:\\\/\\\/schema.org\",\"@graph\":[{\"@type\":\"WebPage\",\"@id\":\"https:\\\/\\\/www.j-unk.com\\\/size-guide\\\/\",\"url\":\"https:\\\/\\\/www.j-unk.com\\\/size-guide\\\/\",\"name\":\"Size Guide | J-UNK\",\"isPartOf\":{\"@id\":\"https:\\\/\\\/www.j-unk.com\\\/#website\"},\"datePublished\":\"2022-11-10T15:01:54+00:00\",\"dateModified\":\"2022-11-16T14:12:23+00:00\",\"breadcrumb\":{\"@id\":\"https:\\\/\\\/www.j-unk.com\\\/size-guide\\\/#breadcrumb\"},\"inLanguage\":\"pt-PT\",\"potentialAction\":[{\"@type\":\"ReadAction\",\"target\":[\"https:\\\/\\\/www.j-unk.com\\\/size-guide\\\/\"]}]},{\"@type\":\"BreadcrumbList\",\"@id\":\"https:\\\/\\\/www.j-unk.com\\\/size-guide\\\/#breadcrumb\",\"itemListElement\":[{\"@type\":\"ListItem\",\"position\":1,\"name\":\"Home\",\"item\":\"https:\\\/\\\/www.j-unk.com\\\/\"},{\"@type\":\"ListItem\",\"position\":2,\"name\":\"Size Guide\"}]},{\"@type\":\"WebSite\",\"@id\":\"https:\\\/\\\/www.j-unk.com\\\/#website\",\"url\":\"https:\\\/\\\/www.j-unk.com\\\/\",\"name\":\"J-UNK\",\"description\":\"J-UNK shoes\",\"publisher\":{\"@id\":\"https:\\\/\\\/www.j-unk.com\\\/#organization\"},\"alternateName\":\"J-UNK Shoes\",\"potentialAction\":[{\"@type\":\"SearchAction\",\"target\":{\"@type\":\"EntryPoint\",\"urlTemplate\":\"https:\\\/\\\/www.j-unk.com\\\/?s={search_term_string}\"},\"query-input\":{\"@type\":\"PropertyValueSpecification\",\"valueRequired\":true,\"valueName\":\"search_term_string\"}}],\"inLanguage\":\"pt-PT\"},{\"@type\":\"Organization\",\"@id\":\"https:\\\/\\\/www.j-unk.com\\\/#organization\",\"name\":\"J-UNK Shoes\",\"url\":\"https:\\\/\\\/www.j-unk.com\\\/\",\"logo\":{\"@type\":\"ImageObject\",\"inLanguage\":\"pt-PT\",\"@id\":\"https:\\\/\\\/www.j-unk.com\\\/#\\\/schema\\\/logo\\\/image\\\/\",\"url\":\"https:\\\/\\\/www.j-unk.com\\\/wp-content\\\/uploads\\\/2021\\\/07\\\/LOGO-WEB.png\",\"contentUrl\":\"https:\\\/\\\/www.j-unk.com\\\/wp-content\\\/uploads\\\/2021\\\/07\\\/LOGO-WEB.png\",\"width\":1920,\"height\":865,\"caption\":\"J-UNK Shoes\"},\"image\":{\"@id\":\"https:\\\/\\\/www.j-unk.com\\\/#\\\/schema\\\/logo\\\/image\\\/\"},\"sameAs\":[\"https:\\\/\\\/www.facebook.com\\\/j.unk.buylessbutbetter\",\"https:\\\/\\\/www.instagram.com\\\/j_unk_shoes\\\/?hl=pt\"]}]}<\/script>\n<!-- \/ Yoast SEO plugin. -->","yoast_head_json":{"title":"Size Guide | J-UNK","robots":{"index":"index","follow":"follow","max-snippet":"max-snippet:-1","max-image-preview":"max-image-preview:large","max-video-preview":"max-video-preview:-1"},"canonical":"https:\/\/www.j-unk.com\/pt\/size-guide\/","og_locale":"pt_PT","og_type":"article","og_title":"Size Guide | J-UNK","og_description":"Size Guide Find your size easily! How to find your shoe size Download our size guide paper and print in A4, in real size with no adjustments. Trace the feet in the evening, after the feet swollen to their maximum size. 1. Cut the paper on the marked line, place the paper on the flor [&hellip;]","og_url":"https:\/\/www.j-unk.com\/pt\/size-guide\/","og_site_name":"J-UNK","article_publisher":"https:\/\/www.facebook.com\/j.unk.buylessbutbetter","article_modified_time":"2022-11-16T14:12:23+00:00","og_image":[{"width":1920,"height":865,"url":"https:\/\/www.j-unk.com\/wp-content\/uploads\/2021\/07\/LOGO-WEB.png","type":"image\/png"}],"twitter_card":"summary_large_image","twitter_misc":{"Tempo estimado de leitura":"1 minuto"},"schema":{"@context":"https:\/\/schema.org","@graph":[{"@type":"WebPage","@id":"https:\/\/www.j-unk.com\/size-guide\/","url":"https:\/\/www.j-unk.com\/size-guide\/","name":"Size Guide | J-UNK","isPartOf":{"@id":"https:\/\/www.j-unk.com\/#website"},"datePublished":"2022-11-10T15:01:54+00:00","dateModified":"2022-11-16T14:12:23+00:00","breadcrumb":{"@id":"https:\/\/www.j-unk.com\/size-guide\/#breadcrumb"},"inLanguage":"pt-PT","potentialAction":[{"@type":"ReadAction","target":["https:\/\/www.j-unk.com\/size-guide\/"]}]},{"@type":"BreadcrumbList","@id":"https:\/\/www.j-unk.com\/size-guide\/#breadcrumb","itemListElement":[{"@type":"ListItem","position":1,"name":"Home","item":"https:\/\/www.j-unk.com\/"},{"@type":"ListItem","position":2,"name":"Size Guide"}]},{"@type":"WebSite","@id":"https:\/\/www.j-unk.com\/#website","url":"https:\/\/www.j-unk.com\/","name":"PORCARIA","description":"Sapatos J-UNK","publisher":{"@id":"https:\/\/www.j-unk.com\/#organization"},"alternateName":"J-UNK Shoes","potentialAction":[{"@type":"SearchAction","target":{"@type":"EntryPoint","urlTemplate":"https:\/\/www.j-unk.com\/?s={search_term_string}"},"query-input":{"@type":"PropertyValueSpecification","valueRequired":true,"valueName":"search_term_string"}}],"inLanguage":"pt-PT"},{"@type":"Organization","@id":"https:\/\/www.j-unk.com\/#organization","name":"J-UNK Shoes","url":"https:\/\/www.j-unk.com\/","logo":{"@type":"ImageObject","inLanguage":"pt-PT","@id":"https:\/\/www.j-unk.com\/#\/schema\/logo\/image\/","url":"https:\/\/www.j-unk.com\/wp-content\/uploads\/2021\/07\/LOGO-WEB.png","contentUrl":"https:\/\/www.j-unk.com\/wp-content\/uploads\/2021\/07\/LOGO-WEB.png","width":1920,"height":865,"caption":"J-UNK Shoes"},"image":{"@id":"https:\/\/www.j-unk.com\/#\/schema\/logo\/image\/"},"sameAs":["https:\/\/www.facebook.com\/j.unk.buylessbutbetter","https:\/\/www.instagram.com\/j_unk_shoes\/?hl=pt"]}]}},"_links":{"self":[{"href":"https:\/\/www.j-unk.com\/pt\/wp-json\/wp\/v2\/pages\/7056","targetHints":{"allow":["GET"]}}],"collection":[{"href":"https:\/\/www.j-unk.com\/pt\/wp-json\/wp\/v2\/pages"}],"about":[{"href":"https:\/\/www.j-unk.com\/pt\/wp-json\/wp\/v2\/types\/page"}],"author":[{"embeddable":true,"href":"https:\/\/www.j-unk.com\/pt\/wp-json\/wp\/v2\/users\/1"}],"replies":[{"embeddable":true,"href":"https:\/\/www.j-unk.com\/pt\/wp-json\/wp\/v2\/comments?post=7056"}],"version-history":[{"count":85,"href":"https:\/\/www.j-unk.com\/pt\/wp-json\/wp\/v2\/pages\/7056\/revisions"}],"predecessor-version":[{"id":7170,"href":"https:\/\/www.j-unk.com\/pt\/wp-json\/wp\/v2\/pages\/7056\/revisions\/7170"}],"wp:attachment":[{"href":"https:\/\/www.j-unk.com\/pt\/wp-json\/wp\/v2\/media?parent=7056"}],"curies":[{"name":"wp","href":"https:\/\/api.w.org\/{rel}","templated":true}]}}