{"id":7410,"date":"2023-01-21T19:44:49","date_gmt":"2023-01-21T19:44:49","guid":{"rendered":"https:\/\/www.j-unk.com\/?post_type=product&#038;p=7410"},"modified":"2025-03-27T22:45:40","modified_gmt":"2025-03-27T22:45:40","slug":"j-top-brown","status":"publish","type":"product","link":"https:\/\/www.j-unk.com\/pt\/produto\/j-top-brown\/","title":{"rendered":"J-Top Brown"},"content":{"rendered":"<p><b>EXTERIOR<\/b> Couro curtido vegetalmente, tecido de alta resist\u00eancia (OnDura\u00ae) e cabo feito de mangueiras danificadas recicladas<br \/>\n<b>SOLA<\/b>\u00a0borracha SBR com 15% de mangueiras danificadas em inc\u00eandios<br \/>\n<b>COR<\/b> Castanho<br \/>\n<b>FORRO<\/b> Bio-couro (a decomposi\u00e7\u00e3o do 100% \u00e9 obtida em menos de 15 dias)<br \/>\n<b>Palmilha<\/b> Couro natural com sola anat\u00f4mica<br \/>\n<b>BIQUEIRA<\/b> Redonda<\/p>","protected":false},"excerpt":{"rendered":"<p>Practical, comfortable and stylish, the J-Top are the sneakers you\u2019ll want to wear on every occasion. Ethically and sustainably manufactured, the soles have 15% of damaged fire hoses.<\/p>","protected":false},"featured_media":2921,"comment_status":"open","ping_status":"closed","template":"","meta":{"_acf_changed":false},"product_brand":[],"product_cat":[69,71],"product_tag":[81],"class_list":{"0":"post-7410","1":"product","2":"type-product","3":"status-publish","4":"has-post-thumbnail","6":"product_cat-footwear","7":"product_cat-sneakers","8":"product_tag-j-top","9":"pa_color-brown","10":"pa_size-59","11":"pa_size-60","12":"pa_size-61","13":"pa_size-62","14":"pa_size-63","15":"pa_size-64","16":"pa_size-65","17":"pa_size-66","18":"pa_size-73","19":"pa_size-74","20":"pa_size-75","21":"wcmi-has-gallery","23":"first","24":"instock","25":"taxable","26":"shipping-taxable","27":"purchasable","28":"product-type-variable"},"acf":[],"yoast_head":"<!-- This site is optimized with the Yoast SEO plugin v27.4 - https:\/\/yoast.com\/product\/yoast-seo-wordpress\/ -->\n<title>J-Top Brown | J-UNK<\/title>\n<meta name=\"robots\" content=\"index, follow, max-snippet:-1, max-image-preview:large, max-video-preview:-1\" \/>\n<link rel=\"canonical\" href=\"https:\/\/www.j-unk.com\/pt\/produto\/j-top-brown\/\" \/>\n<meta property=\"og:locale\" content=\"pt_PT\" \/>\n<meta property=\"og:type\" content=\"article\" \/>\n<meta property=\"og:title\" content=\"J-Top Brown | J-UNK\" \/>\n<meta property=\"og:description\" content=\"Practical, comfortable and stylish, the J-Top are the sneakers you\u2019ll want to wear on every occasion. Ethically and sustainably manufactured, the soles have 15% of damaged fire hoses.\" \/>\n<meta property=\"og:url\" content=\"https:\/\/www.j-unk.com\/pt\/produto\/j-top-brown\/\" \/>\n<meta property=\"og:site_name\" content=\"J-UNK\" \/>\n<meta property=\"article:publisher\" content=\"https:\/\/www.facebook.com\/j.unk.buylessbutbetter\" \/>\n<meta property=\"article:modified_time\" content=\"2025-03-27T22:45:40+00:00\" \/>\n<meta property=\"og:image\" content=\"https:\/\/www.j-unk.com\/wp-content\/uploads\/2021\/12\/J-TOP-BROWN-1-e1640023014202.jpg\" \/>\n\t<meta property=\"og:image:width\" content=\"1200\" \/>\n\t<meta property=\"og:image:height\" content=\"1200\" \/>\n\t<meta property=\"og:image:type\" content=\"image\/jpeg\" \/>\n<meta name=\"twitter:card\" content=\"summary_large_image\" \/>\n<script type=\"application\/ld+json\" class=\"yoast-schema-graph\">{\"@context\":\"https:\\\/\\\/schema.org\",\"@graph\":[{\"@type\":\"WebPage\",\"@id\":\"https:\\\/\\\/www.j-unk.com\\\/product\\\/j-top-brown\\\/\",\"url\":\"https:\\\/\\\/www.j-unk.com\\\/product\\\/j-top-brown\\\/\",\"name\":\"J-Top Brown | J-UNK\",\"isPartOf\":{\"@id\":\"https:\\\/\\\/www.j-unk.com\\\/#website\"},\"primaryImageOfPage\":{\"@id\":\"https:\\\/\\\/www.j-unk.com\\\/product\\\/j-top-brown\\\/#primaryimage\"},\"image\":{\"@id\":\"https:\\\/\\\/www.j-unk.com\\\/product\\\/j-top-brown\\\/#primaryimage\"},\"thumbnailUrl\":\"https:\\\/\\\/www.j-unk.com\\\/wp-content\\\/uploads\\\/2021\\\/12\\\/J-TOP-BROWN-1-e1640023014202.jpg\",\"datePublished\":\"2023-01-21T19:44:49+00:00\",\"dateModified\":\"2025-03-27T22:45:40+00:00\",\"breadcrumb\":{\"@id\":\"https:\\\/\\\/www.j-unk.com\\\/product\\\/j-top-brown\\\/#breadcrumb\"},\"inLanguage\":\"pt-PT\",\"potentialAction\":[{\"@type\":\"ReadAction\",\"target\":[\"https:\\\/\\\/www.j-unk.com\\\/product\\\/j-top-brown\\\/\"]}]},{\"@type\":\"ImageObject\",\"inLanguage\":\"pt-PT\",\"@id\":\"https:\\\/\\\/www.j-unk.com\\\/product\\\/j-top-brown\\\/#primaryimage\",\"url\":\"https:\\\/\\\/www.j-unk.com\\\/wp-content\\\/uploads\\\/2021\\\/12\\\/J-TOP-BROWN-1-e1640023014202.jpg\",\"contentUrl\":\"https:\\\/\\\/www.j-unk.com\\\/wp-content\\\/uploads\\\/2021\\\/12\\\/J-TOP-BROWN-1-e1640023014202.jpg\",\"width\":1200,\"height\":1200},{\"@type\":\"BreadcrumbList\",\"@id\":\"https:\\\/\\\/www.j-unk.com\\\/product\\\/j-top-brown\\\/#breadcrumb\",\"itemListElement\":[{\"@type\":\"ListItem\",\"position\":1,\"name\":\"Home\",\"item\":\"https:\\\/\\\/www.j-unk.com\\\/\"},{\"@type\":\"ListItem\",\"position\":2,\"name\":\"Shop\",\"item\":\"https:\\\/\\\/www.j-unk.com\\\/?page_id=7201\"},{\"@type\":\"ListItem\",\"position\":3,\"name\":\"J-Top Brown\"}]},{\"@type\":\"WebSite\",\"@id\":\"https:\\\/\\\/www.j-unk.com\\\/#website\",\"url\":\"https:\\\/\\\/www.j-unk.com\\\/\",\"name\":\"J-UNK\",\"description\":\"J-UNK shoes\",\"publisher\":{\"@id\":\"https:\\\/\\\/www.j-unk.com\\\/#organization\"},\"alternateName\":\"J-UNK Shoes\",\"potentialAction\":[{\"@type\":\"SearchAction\",\"target\":{\"@type\":\"EntryPoint\",\"urlTemplate\":\"https:\\\/\\\/www.j-unk.com\\\/?s={search_term_string}\"},\"query-input\":{\"@type\":\"PropertyValueSpecification\",\"valueRequired\":true,\"valueName\":\"search_term_string\"}}],\"inLanguage\":\"pt-PT\"},{\"@type\":\"Organization\",\"@id\":\"https:\\\/\\\/www.j-unk.com\\\/#organization\",\"name\":\"J-UNK Shoes\",\"url\":\"https:\\\/\\\/www.j-unk.com\\\/\",\"logo\":{\"@type\":\"ImageObject\",\"inLanguage\":\"pt-PT\",\"@id\":\"https:\\\/\\\/www.j-unk.com\\\/#\\\/schema\\\/logo\\\/image\\\/\",\"url\":\"https:\\\/\\\/www.j-unk.com\\\/wp-content\\\/uploads\\\/2021\\\/07\\\/LOGO-WEB.png\",\"contentUrl\":\"https:\\\/\\\/www.j-unk.com\\\/wp-content\\\/uploads\\\/2021\\\/07\\\/LOGO-WEB.png\",\"width\":1920,\"height\":865,\"caption\":\"J-UNK Shoes\"},\"image\":{\"@id\":\"https:\\\/\\\/www.j-unk.com\\\/#\\\/schema\\\/logo\\\/image\\\/\"},\"sameAs\":[\"https:\\\/\\\/www.facebook.com\\\/j.unk.buylessbutbetter\",\"https:\\\/\\\/www.instagram.com\\\/j_unk_shoes\\\/?hl=pt\"]}]}<\/script>\n<!-- \/ Yoast SEO plugin. -->","yoast_head_json":{"title":"J-Top Brown | J-UNK","robots":{"index":"index","follow":"follow","max-snippet":"max-snippet:-1","max-image-preview":"max-image-preview:large","max-video-preview":"max-video-preview:-1"},"canonical":"https:\/\/www.j-unk.com\/pt\/produto\/j-top-brown\/","og_locale":"pt_PT","og_type":"article","og_title":"J-Top Brown | J-UNK","og_description":"Practical, comfortable and stylish, the J-Top are the sneakers you\u2019ll want to wear on every occasion. Ethically and sustainably manufactured, the soles have 15% of damaged fire hoses.","og_url":"https:\/\/www.j-unk.com\/pt\/produto\/j-top-brown\/","og_site_name":"J-UNK","article_publisher":"https:\/\/www.facebook.com\/j.unk.buylessbutbetter","article_modified_time":"2025-03-27T22:45:40+00:00","og_image":[{"width":1200,"height":1200,"url":"https:\/\/www.j-unk.com\/wp-content\/uploads\/2021\/12\/J-TOP-BROWN-1-e1640023014202.jpg","type":"image\/jpeg"}],"twitter_card":"summary_large_image","schema":{"@context":"https:\/\/schema.org","@graph":[{"@type":"WebPage","@id":"https:\/\/www.j-unk.com\/product\/j-top-brown\/","url":"https:\/\/www.j-unk.com\/product\/j-top-brown\/","name":"J-Top Brown | J-UNK","isPartOf":{"@id":"https:\/\/www.j-unk.com\/#website"},"primaryImageOfPage":{"@id":"https:\/\/www.j-unk.com\/product\/j-top-brown\/#primaryimage"},"image":{"@id":"https:\/\/www.j-unk.com\/product\/j-top-brown\/#primaryimage"},"thumbnailUrl":"https:\/\/www.j-unk.com\/wp-content\/uploads\/2021\/12\/J-TOP-BROWN-1-e1640023014202.jpg","datePublished":"2023-01-21T19:44:49+00:00","dateModified":"2025-03-27T22:45:40+00:00","breadcrumb":{"@id":"https:\/\/www.j-unk.com\/product\/j-top-brown\/#breadcrumb"},"inLanguage":"pt-PT","potentialAction":[{"@type":"ReadAction","target":["https:\/\/www.j-unk.com\/product\/j-top-brown\/"]}]},{"@type":"ImageObject","inLanguage":"pt-PT","@id":"https:\/\/www.j-unk.com\/product\/j-top-brown\/#primaryimage","url":"https:\/\/www.j-unk.com\/wp-content\/uploads\/2021\/12\/J-TOP-BROWN-1-e1640023014202.jpg","contentUrl":"https:\/\/www.j-unk.com\/wp-content\/uploads\/2021\/12\/J-TOP-BROWN-1-e1640023014202.jpg","width":1200,"height":1200},{"@type":"BreadcrumbList","@id":"https:\/\/www.j-unk.com\/product\/j-top-brown\/#breadcrumb","itemListElement":[{"@type":"ListItem","position":1,"name":"Home","item":"https:\/\/www.j-unk.com\/"},{"@type":"ListItem","position":2,"name":"Shop","item":"https:\/\/www.j-unk.com\/?page_id=7201"},{"@type":"ListItem","position":3,"name":"J-Top Brown"}]},{"@type":"WebSite","@id":"https:\/\/www.j-unk.com\/#website","url":"https:\/\/www.j-unk.com\/","name":"PORCARIA","description":"Sapatos J-UNK","publisher":{"@id":"https:\/\/www.j-unk.com\/#organization"},"alternateName":"J-UNK Shoes","potentialAction":[{"@type":"SearchAction","target":{"@type":"EntryPoint","urlTemplate":"https:\/\/www.j-unk.com\/?s={search_term_string}"},"query-input":{"@type":"PropertyValueSpecification","valueRequired":true,"valueName":"search_term_string"}}],"inLanguage":"pt-PT"},{"@type":"Organization","@id":"https:\/\/www.j-unk.com\/#organization","name":"J-UNK Shoes","url":"https:\/\/www.j-unk.com\/","logo":{"@type":"ImageObject","inLanguage":"pt-PT","@id":"https:\/\/www.j-unk.com\/#\/schema\/logo\/image\/","url":"https:\/\/www.j-unk.com\/wp-content\/uploads\/2021\/07\/LOGO-WEB.png","contentUrl":"https:\/\/www.j-unk.com\/wp-content\/uploads\/2021\/07\/LOGO-WEB.png","width":1920,"height":865,"caption":"J-UNK Shoes"},"image":{"@id":"https:\/\/www.j-unk.com\/#\/schema\/logo\/image\/"},"sameAs":["https:\/\/www.facebook.com\/j.unk.buylessbutbetter","https:\/\/www.instagram.com\/j_unk_shoes\/?hl=pt"]}]}},"_links":{"self":[{"href":"https:\/\/www.j-unk.com\/pt\/wp-json\/wp\/v2\/product\/7410","targetHints":{"allow":["GET"]}}],"collection":[{"href":"https:\/\/www.j-unk.com\/pt\/wp-json\/wp\/v2\/product"}],"about":[{"href":"https:\/\/www.j-unk.com\/pt\/wp-json\/wp\/v2\/types\/product"}],"replies":[{"embeddable":true,"href":"https:\/\/www.j-unk.com\/pt\/wp-json\/wp\/v2\/comments?post=7410"}],"version-history":[{"count":7,"href":"https:\/\/www.j-unk.com\/pt\/wp-json\/wp\/v2\/product\/7410\/revisions"}],"predecessor-version":[{"id":8877,"href":"https:\/\/www.j-unk.com\/pt\/wp-json\/wp\/v2\/product\/7410\/revisions\/8877"}],"wp:featuredmedia":[{"embeddable":true,"href":"https:\/\/www.j-unk.com\/pt\/wp-json\/wp\/v2\/media\/2921"}],"wp:attachment":[{"href":"https:\/\/www.j-unk.com\/pt\/wp-json\/wp\/v2\/media?parent=7410"}],"wp:term":[{"taxonomy":"product_brand","embeddable":true,"href":"https:\/\/www.j-unk.com\/pt\/wp-json\/wp\/v2\/product_brand?post=7410"},{"taxonomy":"product_cat","embeddable":true,"href":"https:\/\/www.j-unk.com\/pt\/wp-json\/wp\/v2\/product_cat?post=7410"},{"taxonomy":"product_tag","embeddable":true,"href":"https:\/\/www.j-unk.com\/pt\/wp-json\/wp\/v2\/product_tag?post=7410"}],"curies":[{"name":"wp","href":"https:\/\/api.w.org\/{rel}","templated":true}]}}