{"id":8923,"date":"2024-02-08T12:21:59","date_gmt":"2024-02-08T12:21:59","guid":{"rendered":"https:\/\/www.j-unk.com\/?post_type=product&#038;p=8923"},"modified":"2025-08-07T00:06:24","modified_gmt":"2025-08-07T00:06:24","slug":"j-sandal-brown","status":"publish","type":"product","link":"https:\/\/www.j-unk.com\/pt\/produto\/j-sandal-brown\/","title":{"rendered":"J-Sandal Brown"},"content":{"rendered":"<p><b>EXTERIOR<\/b> Microfibra e mangueiras danificadas em inc\u00eandios recicladas<br \/>\n<b>SOLA<\/b> Plantar de corti\u00e7a com mangueira danificada em inc\u00eandios reciclada e sola em borracha SBR<br \/>\n<b>COR<\/b> Castanho<br \/>\n<b>BIQUEIRA<\/b> Redonda<\/p>","protected":false},"excerpt":{"rendered":"<p>As J-Sandal s\u00e3o uma op\u00e7\u00e3o pr\u00e1tica e confort\u00e1vel. O seu plantar anat\u00f3mico e o sistema de fecho com fivelas, permitem que possa ser usada durante longos per\u00edodos sem causar desconforto. Nos materiais que comp\u00f5em esta sand\u00e1lia sem g\u00e9nero, podemos encontrar mangueiras danificadas em inc\u00eandios.<\/p>","protected":false},"featured_media":8954,"comment_status":"open","ping_status":"closed","template":"","meta":{"_acf_changed":false},"product_brand":[],"product_cat":[69,94],"product_tag":[96],"class_list":{"0":"post-8923","1":"product","2":"type-product","3":"status-publish","4":"has-post-thumbnail","6":"product_cat-footwear","7":"product_cat-sandals-footwear","8":"product_tag-j-sandal","9":"pa_color-brown","10":"pa_size-59","11":"pa_size-60","12":"pa_size-61","13":"pa_size-62","14":"pa_size-63","15":"pa_size-64","16":"pa_size-65","17":"pa_size-66","18":"pa_size-73","19":"pa_size-74","20":"pa_size-75","21":"pa_size-95","22":"wcmi-has-gallery","24":"first","25":"instock","26":"taxable","27":"shipping-taxable","28":"purchasable","29":"product-type-variable"},"acf":[],"yoast_head":"<!-- This site is optimized with the Yoast SEO plugin v27.4 - https:\/\/yoast.com\/product\/yoast-seo-wordpress\/ -->\n<title>J-Sandal Brown | Anatomical footbed sandal from J-UNK<\/title>\n<meta name=\"description\" content=\"The J-Sandal is a practical and comfortable option. An anatomical footbed sandal made with materials that reuses hoses damaged in fires.\" \/>\n<meta name=\"robots\" content=\"index, follow, max-snippet:-1, max-image-preview:large, max-video-preview:-1\" \/>\n<link rel=\"canonical\" href=\"https:\/\/www.j-unk.com\/pt\/produto\/j-sandal-brown\/\" \/>\n<meta property=\"og:locale\" content=\"pt_PT\" \/>\n<meta property=\"og:type\" content=\"article\" \/>\n<meta property=\"og:title\" content=\"J-Sandal Brown | Anatomical footbed sandal from J-UNK\" \/>\n<meta property=\"og:description\" content=\"The J-Sandal is a practical and comfortable option. An anatomical footbed sandal made with materials that reuses hoses damaged in fires.\" \/>\n<meta property=\"og:url\" content=\"https:\/\/www.j-unk.com\/pt\/produto\/j-sandal-brown\/\" \/>\n<meta property=\"og:site_name\" content=\"J-UNK\" \/>\n<meta property=\"article:publisher\" content=\"https:\/\/www.facebook.com\/j.unk.buylessbutbetter\" \/>\n<meta property=\"article:modified_time\" content=\"2025-08-07T00:06:24+00:00\" \/>\n<meta property=\"og:image\" content=\"https:\/\/www.j-unk.com\/wp-content\/uploads\/2024\/02\/J-Unk-01-Brown-v01-1.jpg\" \/>\n\t<meta property=\"og:image:width\" content=\"1920\" \/>\n\t<meta property=\"og:image:height\" content=\"1920\" \/>\n\t<meta property=\"og:image:type\" content=\"image\/jpeg\" \/>\n<meta name=\"twitter:card\" content=\"summary_large_image\" \/>\n<script type=\"application\/ld+json\" class=\"yoast-schema-graph\">{\"@context\":\"https:\\\/\\\/schema.org\",\"@graph\":[{\"@type\":\"WebPage\",\"@id\":\"https:\\\/\\\/www.j-unk.com\\\/product\\\/j-sandal-brown\\\/\",\"url\":\"https:\\\/\\\/www.j-unk.com\\\/product\\\/j-sandal-brown\\\/\",\"name\":\"J-Sandal Brown | Anatomical footbed sandal from J-UNK\",\"isPartOf\":{\"@id\":\"https:\\\/\\\/www.j-unk.com\\\/#website\"},\"primaryImageOfPage\":{\"@id\":\"https:\\\/\\\/www.j-unk.com\\\/product\\\/j-sandal-brown\\\/#primaryimage\"},\"image\":{\"@id\":\"https:\\\/\\\/www.j-unk.com\\\/product\\\/j-sandal-brown\\\/#primaryimage\"},\"thumbnailUrl\":\"https:\\\/\\\/www.j-unk.com\\\/wp-content\\\/uploads\\\/2024\\\/02\\\/J-Unk-01-Brown-v01-1.jpg\",\"datePublished\":\"2024-02-08T12:21:59+00:00\",\"dateModified\":\"2025-08-07T00:06:24+00:00\",\"description\":\"The J-Sandal is a practical and comfortable option. An anatomical footbed sandal made with materials that reuses hoses damaged in fires.\",\"breadcrumb\":{\"@id\":\"https:\\\/\\\/www.j-unk.com\\\/product\\\/j-sandal-brown\\\/#breadcrumb\"},\"inLanguage\":\"pt-PT\",\"potentialAction\":[{\"@type\":\"ReadAction\",\"target\":[\"https:\\\/\\\/www.j-unk.com\\\/product\\\/j-sandal-brown\\\/\"]}]},{\"@type\":\"ImageObject\",\"inLanguage\":\"pt-PT\",\"@id\":\"https:\\\/\\\/www.j-unk.com\\\/product\\\/j-sandal-brown\\\/#primaryimage\",\"url\":\"https:\\\/\\\/www.j-unk.com\\\/wp-content\\\/uploads\\\/2024\\\/02\\\/J-Unk-01-Brown-v01-1.jpg\",\"contentUrl\":\"https:\\\/\\\/www.j-unk.com\\\/wp-content\\\/uploads\\\/2024\\\/02\\\/J-Unk-01-Brown-v01-1.jpg\",\"width\":1920,\"height\":1920},{\"@type\":\"BreadcrumbList\",\"@id\":\"https:\\\/\\\/www.j-unk.com\\\/product\\\/j-sandal-brown\\\/#breadcrumb\",\"itemListElement\":[{\"@type\":\"ListItem\",\"position\":1,\"name\":\"Home\",\"item\":\"https:\\\/\\\/www.j-unk.com\\\/\"},{\"@type\":\"ListItem\",\"position\":2,\"name\":\"Shop\",\"item\":\"https:\\\/\\\/www.j-unk.com\\\/?page_id=7201\"},{\"@type\":\"ListItem\",\"position\":3,\"name\":\"J-Sandal Brown\"}]},{\"@type\":\"WebSite\",\"@id\":\"https:\\\/\\\/www.j-unk.com\\\/#website\",\"url\":\"https:\\\/\\\/www.j-unk.com\\\/\",\"name\":\"J-UNK\",\"description\":\"J-UNK shoes\",\"publisher\":{\"@id\":\"https:\\\/\\\/www.j-unk.com\\\/#organization\"},\"alternateName\":\"J-UNK Shoes\",\"potentialAction\":[{\"@type\":\"SearchAction\",\"target\":{\"@type\":\"EntryPoint\",\"urlTemplate\":\"https:\\\/\\\/www.j-unk.com\\\/?s={search_term_string}\"},\"query-input\":{\"@type\":\"PropertyValueSpecification\",\"valueRequired\":true,\"valueName\":\"search_term_string\"}}],\"inLanguage\":\"pt-PT\"},{\"@type\":\"Organization\",\"@id\":\"https:\\\/\\\/www.j-unk.com\\\/#organization\",\"name\":\"J-UNK Shoes\",\"url\":\"https:\\\/\\\/www.j-unk.com\\\/\",\"logo\":{\"@type\":\"ImageObject\",\"inLanguage\":\"pt-PT\",\"@id\":\"https:\\\/\\\/www.j-unk.com\\\/#\\\/schema\\\/logo\\\/image\\\/\",\"url\":\"https:\\\/\\\/www.j-unk.com\\\/wp-content\\\/uploads\\\/2021\\\/07\\\/LOGO-WEB.png\",\"contentUrl\":\"https:\\\/\\\/www.j-unk.com\\\/wp-content\\\/uploads\\\/2021\\\/07\\\/LOGO-WEB.png\",\"width\":1920,\"height\":865,\"caption\":\"J-UNK Shoes\"},\"image\":{\"@id\":\"https:\\\/\\\/www.j-unk.com\\\/#\\\/schema\\\/logo\\\/image\\\/\"},\"sameAs\":[\"https:\\\/\\\/www.facebook.com\\\/j.unk.buylessbutbetter\",\"https:\\\/\\\/www.instagram.com\\\/j_unk_shoes\\\/?hl=pt\"]}]}<\/script>\n<!-- \/ Yoast SEO plugin. -->","yoast_head_json":{"title":"J-Sandal Brown | Anatomical footbed sandal from J-UNK","description":"The J-Sandal is a practical and comfortable option. An anatomical footbed sandal made with materials that reuses hoses damaged in fires.","robots":{"index":"index","follow":"follow","max-snippet":"max-snippet:-1","max-image-preview":"max-image-preview:large","max-video-preview":"max-video-preview:-1"},"canonical":"https:\/\/www.j-unk.com\/pt\/produto\/j-sandal-brown\/","og_locale":"pt_PT","og_type":"article","og_title":"J-Sandal Brown | Anatomical footbed sandal from J-UNK","og_description":"The J-Sandal is a practical and comfortable option. An anatomical footbed sandal made with materials that reuses hoses damaged in fires.","og_url":"https:\/\/www.j-unk.com\/pt\/produto\/j-sandal-brown\/","og_site_name":"J-UNK","article_publisher":"https:\/\/www.facebook.com\/j.unk.buylessbutbetter","article_modified_time":"2025-08-07T00:06:24+00:00","og_image":[{"width":1920,"height":1920,"url":"https:\/\/www.j-unk.com\/wp-content\/uploads\/2024\/02\/J-Unk-01-Brown-v01-1.jpg","type":"image\/jpeg"}],"twitter_card":"summary_large_image","schema":{"@context":"https:\/\/schema.org","@graph":[{"@type":"WebPage","@id":"https:\/\/www.j-unk.com\/product\/j-sandal-brown\/","url":"https:\/\/www.j-unk.com\/product\/j-sandal-brown\/","name":"J-Sandal Brown | Anatomical footbed sandal from J-UNK","isPartOf":{"@id":"https:\/\/www.j-unk.com\/#website"},"primaryImageOfPage":{"@id":"https:\/\/www.j-unk.com\/product\/j-sandal-brown\/#primaryimage"},"image":{"@id":"https:\/\/www.j-unk.com\/product\/j-sandal-brown\/#primaryimage"},"thumbnailUrl":"https:\/\/www.j-unk.com\/wp-content\/uploads\/2024\/02\/J-Unk-01-Brown-v01-1.jpg","datePublished":"2024-02-08T12:21:59+00:00","dateModified":"2025-08-07T00:06:24+00:00","description":"The J-Sandal is a practical and comfortable option. An anatomical footbed sandal made with materials that reuses hoses damaged in fires.","breadcrumb":{"@id":"https:\/\/www.j-unk.com\/product\/j-sandal-brown\/#breadcrumb"},"inLanguage":"pt-PT","potentialAction":[{"@type":"ReadAction","target":["https:\/\/www.j-unk.com\/product\/j-sandal-brown\/"]}]},{"@type":"ImageObject","inLanguage":"pt-PT","@id":"https:\/\/www.j-unk.com\/product\/j-sandal-brown\/#primaryimage","url":"https:\/\/www.j-unk.com\/wp-content\/uploads\/2024\/02\/J-Unk-01-Brown-v01-1.jpg","contentUrl":"https:\/\/www.j-unk.com\/wp-content\/uploads\/2024\/02\/J-Unk-01-Brown-v01-1.jpg","width":1920,"height":1920},{"@type":"BreadcrumbList","@id":"https:\/\/www.j-unk.com\/product\/j-sandal-brown\/#breadcrumb","itemListElement":[{"@type":"ListItem","position":1,"name":"Home","item":"https:\/\/www.j-unk.com\/"},{"@type":"ListItem","position":2,"name":"Shop","item":"https:\/\/www.j-unk.com\/?page_id=7201"},{"@type":"ListItem","position":3,"name":"J-Sandal Brown"}]},{"@type":"WebSite","@id":"https:\/\/www.j-unk.com\/#website","url":"https:\/\/www.j-unk.com\/","name":"PORCARIA","description":"Sapatos J-UNK","publisher":{"@id":"https:\/\/www.j-unk.com\/#organization"},"alternateName":"J-UNK Shoes","potentialAction":[{"@type":"SearchAction","target":{"@type":"EntryPoint","urlTemplate":"https:\/\/www.j-unk.com\/?s={search_term_string}"},"query-input":{"@type":"PropertyValueSpecification","valueRequired":true,"valueName":"search_term_string"}}],"inLanguage":"pt-PT"},{"@type":"Organization","@id":"https:\/\/www.j-unk.com\/#organization","name":"J-UNK Shoes","url":"https:\/\/www.j-unk.com\/","logo":{"@type":"ImageObject","inLanguage":"pt-PT","@id":"https:\/\/www.j-unk.com\/#\/schema\/logo\/image\/","url":"https:\/\/www.j-unk.com\/wp-content\/uploads\/2021\/07\/LOGO-WEB.png","contentUrl":"https:\/\/www.j-unk.com\/wp-content\/uploads\/2021\/07\/LOGO-WEB.png","width":1920,"height":865,"caption":"J-UNK Shoes"},"image":{"@id":"https:\/\/www.j-unk.com\/#\/schema\/logo\/image\/"},"sameAs":["https:\/\/www.facebook.com\/j.unk.buylessbutbetter","https:\/\/www.instagram.com\/j_unk_shoes\/?hl=pt"]}]}},"_links":{"self":[{"href":"https:\/\/www.j-unk.com\/pt\/wp-json\/wp\/v2\/product\/8923","targetHints":{"allow":["GET"]}}],"collection":[{"href":"https:\/\/www.j-unk.com\/pt\/wp-json\/wp\/v2\/product"}],"about":[{"href":"https:\/\/www.j-unk.com\/pt\/wp-json\/wp\/v2\/types\/product"}],"replies":[{"embeddable":true,"href":"https:\/\/www.j-unk.com\/pt\/wp-json\/wp\/v2\/comments?post=8923"}],"version-history":[{"count":6,"href":"https:\/\/www.j-unk.com\/pt\/wp-json\/wp\/v2\/product\/8923\/revisions"}],"predecessor-version":[{"id":9055,"href":"https:\/\/www.j-unk.com\/pt\/wp-json\/wp\/v2\/product\/8923\/revisions\/9055"}],"wp:featuredmedia":[{"embeddable":true,"href":"https:\/\/www.j-unk.com\/pt\/wp-json\/wp\/v2\/media\/8954"}],"wp:attachment":[{"href":"https:\/\/www.j-unk.com\/pt\/wp-json\/wp\/v2\/media?parent=8923"}],"wp:term":[{"taxonomy":"product_brand","embeddable":true,"href":"https:\/\/www.j-unk.com\/pt\/wp-json\/wp\/v2\/product_brand?post=8923"},{"taxonomy":"product_cat","embeddable":true,"href":"https:\/\/www.j-unk.com\/pt\/wp-json\/wp\/v2\/product_cat?post=8923"},{"taxonomy":"product_tag","embeddable":true,"href":"https:\/\/www.j-unk.com\/pt\/wp-json\/wp\/v2\/product_tag?post=8923"}],"curies":[{"name":"wp","href":"https:\/\/api.w.org\/{rel}","templated":true}]}}